{"id":1295,"date":"2022-01-14T22:26:01","date_gmt":"2022-01-14T21:26:01","guid":{"rendered":"https:\/\/visitvisp.ch\/?page_id=1295"},"modified":"2025-10-01T11:41:02","modified_gmt":"2025-10-01T09:41:02","slug":"mobilitat","status":"publish","type":"page","link":"https:\/\/visitvisp.ch\/en\/mobilitat\/","title":{"rendered":"Mobilit\u00e4t"},"content":{"rendered":"<p>[et_pb_section fb_built=&#8221;1&#8243; module_class=&#8221;hero-section page-hero-section-image&#8221; _builder_version=&#8221;4.27.0&#8243; _module_preset=&#8221;default&#8221; background_image=&#8221;https:\/\/visitvisp.ch\/wp-content\/uploads\/2022\/02\/Header_Mobilitaet_Bahnhof-Visp-scaled.jpg&#8221; saved_tabs=&#8221;all&#8221; global_colors_info=&#8221;{}&#8221;][et_pb_row _builder_version=&#8221;4.16&#8243; _module_preset=&#8221;default&#8221; global_colors_info=&#8221;{}&#8221;][et_pb_column type=&#8221;4_4&#8243; _builder_version=&#8221;4.16&#8243; _module_preset=&#8221;default&#8221; global_colors_info=&#8221;{}&#8221;][et_pb_text _builder_version=&#8221;4.16&#8243; _module_preset=&#8221;default&#8221; global_colors_info=&#8221;{}&#8221;]<\/p>\n<h1>Mobilit\u00e4t in Visp<\/h1>\n<p>[\/et_pb_text][\/et_pb_column][\/et_pb_row][\/et_pb_section][et_pb_section fb_built=&#8221;1&#8243; _builder_version=&#8221;4.16&#8243; _module_preset=&#8221;default&#8221; global_colors_info=&#8221;{}&#8221;][et_pb_row _builder_version=&#8221;4.16&#8243; _module_preset=&#8221;default&#8221; global_colors_info=&#8221;{}&#8221;][et_pb_column type=&#8221;4_4&#8243; _builder_version=&#8221;4.16&#8243; _module_preset=&#8221;default&#8221; global_colors_info=&#8221;{}&#8221;][et_pb_text _builder_version=&#8221;4.27.4&#8243; _module_preset=&#8221;default&#8221; hover_enabled=&#8221;0&#8243; global_colors_info=&#8221;{}&#8221; sticky_enabled=&#8221;0&#8243;]<\/p>\n<h1>PostAuto &amp; Zug<\/h1>\n<p>[\/et_pb_text][\/et_pb_column][\/et_pb_row][et_pb_row column_structure=&#8221;1_2,1_6,1_6,1_6&#8243; _builder_version=&#8221;4.27.0&#8243; _module_preset=&#8221;default&#8221; global_colors_info=&#8221;{}&#8221;][et_pb_column type=&#8221;1_2&#8243; _builder_version=&#8221;4.27.0&#8243; _module_preset=&#8221;default&#8221; global_colors_info=&#8221;{}&#8221;][et_pb_image src=&#8221;https:\/\/visitvisp.ch\/wp-content\/uploads\/2024\/08\/HeadRaclettePlausch_Postauto.jpg&#8221; title_text=&#8221;HeadRaclettePlausch_Postauto&#8221; module_class=&#8221;vv-image-ultrawide&#8221; _builder_version=&#8221;4.27.0&#8243; _module_preset=&#8221;default&#8221; global_colors_info=&#8221;{}&#8221;][\/et_pb_image][\/et_pb_column][et_pb_column type=&#8221;1_6&#8243; _builder_version=&#8221;4.27.0&#8243; _module_preset=&#8221;default&#8221; global_colors_info=&#8221;{}&#8221;][et_pb_text _builder_version=&#8221;4.27.0&#8243; _module_preset=&#8221;default&#8221; global_colors_info=&#8221;{}&#8221;]<\/p>\n<h3>Ausflugszielen mit dem PostAuto<\/h3>\n<p>Der Busbahnhof Visp ist der Ausgangspunkt f\u00fcr viele Ausfl\u00fcge im Oberwallis. Mehrere Postautolinien starten vom Bahnhof Visp und bringen Sie zu Ihrem gew\u00fcnschten Ziel.<\/p>\n<p>Einfach Wunschdestination auf der Webseite der Post eingeben, einsteigen und losfahren.<\/p>\n<p>[\/et_pb_text][et_pb_button button_url=&#8221;https:\/\/www.postauto.ch\/de&#8221; url_new_window=&#8221;on&#8221; button_text=&#8221;Fahrplan PostAuto&#8221; button_alignment=&#8221;left&#8221; module_class=&#8221;vv-et-btn-accent-outline-light&#8221; _builder_version=&#8221;4.27.0&#8243; _module_preset=&#8221;default&#8221; global_colors_info=&#8221;{}&#8221;][\/et_pb_button][\/et_pb_column][et_pb_column type=&#8221;1_6&#8243; _builder_version=&#8221;4.27.0&#8243; _module_preset=&#8221;default&#8221; global_colors_info=&#8221;{}&#8221;][et_pb_text _builder_version=&#8221;4.27.0&#8243; _module_preset=&#8221;default&#8221; global_colors_info=&#8221;{}&#8221;]<\/p>\n<h3 style=\"text-align: left;\">Ausflugsziele mit dem Zug<\/h3>\n<p style=\"text-align: left;\"><span>Seit der Er\u00f6ffnung des Neat-Basistunnels ist das St\u00e4dtchen ein perfekt erschlossener Ausgangspunkt f\u00fcr Ausfl\u00fcge in die Region.\u00a0<\/span><\/p>\n<p style=\"text-align: left;\"><span>Mit Zugverbindungen der SBB oder der Matterhorn Gotthard Bahn stehen Ihnen ab Bahnhof Visp <\/span><span>Ausfl\u00fcge nach Zermatt, ins Goms oder an den Genfersee offen.<\/span><\/p>\n<p style=\"text-align: left;\"><span><\/span><\/p>\n<p style=\"text-align: left;\"><span><\/span><\/p>\n<p style=\"text-align: left;\"><span><\/span><\/p>\n<p>[\/et_pb_text][et_pb_button button_url=&#8221;https:\/\/www.sbb.ch\/de&#8221; url_new_window=&#8221;on&#8221; button_text=&#8221;Fahrplan SBB&#8221; button_alignment=&#8221;left&#8221; module_class=&#8221;vv-et-btn-accent-outline-light v-bottom&#8221; _builder_version=&#8221;4.27.0&#8243; _module_preset=&#8221;default&#8221; global_colors_info=&#8221;{}&#8221;][\/et_pb_button][\/et_pb_column][et_pb_column type=&#8221;1_6&#8243; _builder_version=&#8221;4.27.0&#8243; _module_preset=&#8221;default&#8221; global_colors_info=&#8221;{}&#8221;][et_pb_text _builder_version=&#8221;4.27.0&#8243; _module_preset=&#8221;default&#8221; global_colors_info=&#8221;{}&#8221;]<\/p>\n<h3 style=\"text-align: left;\">Nachtbus<\/h3>\n<p style=\"text-align: left;\"><span>Der Nachtbus auf der Strecke Naters\u2013Brig\u2013Visp\u2013Leuk\u2013Salgesch bringt Sie im Talgrund sicher und bequem nach Hause.<\/span><\/p>\n<p style=\"text-align: left;\"><span>Er f\u00e4hrt jeweils an Freitagen und Samstagen w\u00e4hrend der Nacht.<\/span><\/p>\n<p style=\"text-align: left;\"><span><\/span><\/p>\n<p style=\"text-align: left;\"><span><\/span><\/p>\n<p style=\"text-align: left;\">[\/et_pb_text][et_pb_button button_url=&#8221;http:\/\/www.bettmobil.ch\/&#8221; url_new_window=&#8221;on&#8221; button_text=&#8221;Fahrplan Bettmobil&#8221; button_alignment=&#8221;left&#8221; module_class=&#8221;vv-et-btn-accent-outline-light v-bottom&#8221; _builder_version=&#8221;4.27.0&#8243; _module_preset=&#8221;default&#8221; global_colors_info=&#8221;{}&#8221;][\/et_pb_button][\/et_pb_column][\/et_pb_row][et_pb_row _builder_version=&#8221;4.16&#8243; _module_preset=&#8221;default&#8221; global_colors_info=&#8221;{}&#8221;][et_pb_column type=&#8221;4_4&#8243; _builder_version=&#8221;4.16&#8243; _module_preset=&#8221;default&#8221; global_colors_info=&#8221;{}&#8221;][et_pb_text _builder_version=&#8221;4.16&#8243; _module_preset=&#8221;default&#8221; global_colors_info=&#8221;{}&#8221;]<\/p>\n<h1>Matterhorn Gotthard &amp; Gornergrat Bahn<\/h1>\n<p>[\/et_pb_text][\/et_pb_column][\/et_pb_row][et_pb_row column_structure=&#8221;1_2,1_6,1_6,1_6&#8243; make_equal=&#8221;on&#8221; _builder_version=&#8221;4.16&#8243; _module_preset=&#8221;default&#8221; global_colors_info=&#8221;{}&#8221;][et_pb_column type=&#8221;1_2&#8243; _builder_version=&#8221;4.16&#8243; _module_preset=&#8221;default&#8221; global_colors_info=&#8221;{}&#8221;][et_pb_image src=&#8221;https:\/\/visitvisp.ch\/wp-content\/uploads\/2024\/08\/Bugnei_Viadukt-Goms-2022-MGBahn.jpg&#8221; title_text=&#8221;Bugnei_Viadukt-Goms-2022-MGBahn&#8221; module_class=&#8221;vv-image-ultrawide&#8221; _builder_version=&#8221;4.27.0&#8243; _module_preset=&#8221;default&#8221; global_colors_info=&#8221;{}&#8221;][\/et_pb_image][\/et_pb_column][et_pb_column type=&#8221;1_6&#8243; _builder_version=&#8221;4.16&#8243; _module_preset=&#8221;default&#8221; global_colors_info=&#8221;{}&#8221;][et_pb_text _builder_version=&#8221;4.27.0&#8243; _module_preset=&#8221;default&#8221; global_colors_info=&#8221;{}&#8221;]<\/p>\n<h3>Regionalverkehr<\/h3>\n<p>Die Matterhorn Gotthard Bahn ist eine Schmalspurbahn mit einem Streckennetz von 144 km L\u00e4nge in den Kanton Wallis, Uri und Graub\u00fcnden.<\/p>\n<p>Informieren Sie sich \u00fcber den Fahrplan, Erm\u00e4ssigungen oder \u00fcber Verkehrsst\u00f6rungen auf der Website der Matterhorn Gotthard Bahn.<\/p>\n<p>&nbsp;<\/p>\n<p>[\/et_pb_text][et_pb_button button_url=&#8221;https:\/\/www.matterhorngotthardbahn.ch\/de\/&#8221; url_new_window=&#8221;on&#8221; button_text=&#8221;Zur Website der MGB&#8221; module_class=&#8221;vv-et-btn-accent-outline-light v-bottom&#8221; _builder_version=&#8221;4.27.0&#8243; _module_preset=&#8221;default&#8221; global_colors_info=&#8221;{}&#8221;][\/et_pb_button][\/et_pb_column][et_pb_column type=&#8221;1_6&#8243; _builder_version=&#8221;4.16&#8243; _module_preset=&#8221;default&#8221; hover_enabled=&#8221;0&#8243; global_colors_info=&#8221;{}&#8221; sticky_enabled=&#8221;0&#8243;][et_pb_text _builder_version=&#8221;4.27.0&#8243; _module_preset=&#8221;default&#8221; custom_padding=&#8221;0px||||false|false&#8221; custom_padding_tablet=&#8221;0px||||false|false&#8221; custom_padding_phone=&#8221;0px||||false|false&#8221; custom_padding_last_edited=&#8221;on|desktop&#8221; global_colors_info=&#8221;{}&#8221;]<\/p>\n<h3>Shuttlezug T\u00e4sch-Zermatt<\/h3>\n<p><span>Wer mit dem Auto nach Zermatt reist, muss das Auto im \u00abMatterhorn Terminal\u00bb in T\u00e4sch parkieren. Privater Autoverkehr ist nur bis T\u00e4sch erlaubt. Hier steigen Sie direkt in die Zermatt Shuttle Z\u00fcge um und erreichen das 5 km entfernte Zentrum von Zermatt in nur 12 Minuten Zugfahrt.<\/span><span><\/span><span><\/span><span><\/span><\/p>\n<p>[\/et_pb_text][et_pb_button button_url=&#8221;https:\/\/www.matterhorngotthardbahn.ch\/de\/stories\/parking-matterhorn-terminal-taesch&#8221; url_new_window=&#8221;on&#8221; button_text=&#8221;Zum Shuttlezug&#8221; module_class=&#8221;vv-et-btn-accent-outline-light&#8221; _builder_version=&#8221;4.27.0&#8243; _module_preset=&#8221;default&#8221; global_colors_info=&#8221;{}&#8221;][\/et_pb_button][\/et_pb_column][et_pb_column type=&#8221;1_6&#8243; _builder_version=&#8221;4.16&#8243; _module_preset=&#8221;default&#8221; hover_enabled=&#8221;0&#8243; global_colors_info=&#8221;{}&#8221; sticky_enabled=&#8221;0&#8243;][et_pb_text _builder_version=&#8221;4.27.0&#8243; _module_preset=&#8221;default&#8221; custom_padding=&#8221;||||false|false&#8221; global_colors_info=&#8221;{}&#8221;]<\/p>\n<h3>Gornergrat Bahn<\/h3>\n<p><span>Die Zahnradbahn bringt Sie vom Dorf Zermatt bis auf 3&#8217;100 Metter \u00fcber Meer. Allein die Fahrt bietet eine unbeschreibliche Aussicht auf das Matterhorn.<\/span><span><\/span><span><\/span><span><\/span><\/p>\n<p><span><\/span><\/p>\n<p><span><\/span><\/p>\n<p>[\/et_pb_text][et_pb_button button_url=&#8221;https:\/\/www.gornergrat.ch\/de\/&#8221; url_new_window=&#8221;on&#8221; button_text=&#8221;Gornergrat Bahn&#8221; module_class=&#8221;vv-et-btn-accent-outline-light v-bottom&#8221; _builder_version=&#8221;4.16&#8243; _module_preset=&#8221;default&#8221; global_colors_info=&#8221;{}&#8221;][\/et_pb_button][\/et_pb_column][\/et_pb_row][et_pb_row _builder_version=&#8221;4.16&#8243; _module_preset=&#8221;default&#8221; global_colors_info=&#8221;{}&#8221;][et_pb_column type=&#8221;4_4&#8243; _builder_version=&#8221;4.16&#8243; _module_preset=&#8221;default&#8221; global_colors_info=&#8221;{}&#8221;][\/et_pb_column][\/et_pb_row][\/et_pb_section][et_pb_section fb_built=&#8221;1&#8243; _builder_version=&#8221;4.16&#8243; _module_preset=&#8221;default&#8221; global_colors_info=&#8221;{}&#8221;][et_pb_row column_structure=&#8221;1_2,1_2&#8243; _builder_version=&#8221;4.16&#8243; _module_preset=&#8221;default&#8221; global_colors_info=&#8221;{}&#8221;][et_pb_column type=&#8221;1_2&#8243; _builder_version=&#8221;4.16&#8243; _module_preset=&#8221;default&#8221; global_colors_info=&#8221;{}&#8221;][et_pb_text _builder_version=&#8221;4.27.0&#8243; _module_preset=&#8221;default&#8221; global_colors_info=&#8221;{}&#8221;]<\/p>\n<h1 class=\"rich-text-heading-1\" piano-view-event=\"false\" data-v-a01a9ece=\"\"><span class=\"text-space-pre-line rich-text-text\" data-abstract-init=\"body text\">Matterhorn Gotthard Pass<\/span><\/h1>\n<p>Der Matterhorn Gotthard Pass erm\u00f6glicht die freie Ben\u00fctzung von Zugstrecken und Busfahrten im Oberwallis. Zudem k\u00f6nnen Tickets f\u00fcr Bergbahnen zum halben Preis gekauft werden. Das ganze Streckennetz sowie weitere Informationen k\u00f6nnen auf der Website der Matterhorn Gotthard Bahn eingesehen werden.<\/p>\n<p>Der Pass kann online oder an bedienten SBB Bahnh\u00f6fen\u00a0gekauft werden.<\/p>\n<p>[\/et_pb_text][et_pb_button button_url=&#8221;https:\/\/www.matterhorngotthardbahn.ch\/de\/pages\/matterhorn-gotthard-pass&#8221; url_new_window=&#8221;on&#8221; button_text=&#8221;Infos zum \u00abMattherhorn Gotthard Pass\u00bb&#8221; module_class=&#8221;vv-et-btn-accent-outline-light&#8221; _builder_version=&#8221;4.27.0&#8243; _module_preset=&#8221;default&#8221; global_colors_info=&#8221;{}&#8221;][\/et_pb_button][\/et_pb_column][et_pb_column type=&#8221;1_2&#8243; _builder_version=&#8221;4.16&#8243; _module_preset=&#8221;default&#8221; global_colors_info=&#8221;{}&#8221;][et_pb_image src=&#8221;https:\/\/visitvisp.ch\/wp-content\/uploads\/2024\/08\/MGP_Header_4500x2000_RZ-2-1024&#215;576.jpg&#8221; title_text=&#8221;MGP_Header_4500x2000_RZ (2)&#8221; module_class=&#8221;vv-image-wide&#8221; _builder_version=&#8221;4.27.0&#8243; _module_preset=&#8221;default&#8221; global_colors_info=&#8221;{}&#8221;][\/et_pb_image][\/et_pb_column][\/et_pb_row][\/et_pb_section][et_pb_section fb_built=&#8221;1&#8243; _builder_version=&#8221;4.16&#8243; _module_preset=&#8221;default&#8221; global_colors_info=&#8221;{}&#8221;][et_pb_row column_structure=&#8221;1_2,1_2&#8243; _builder_version=&#8221;4.16&#8243; _module_preset=&#8221;default&#8221; global_colors_info=&#8221;{}&#8221;][et_pb_column type=&#8221;1_2&#8243; _builder_version=&#8221;4.16&#8243; _module_preset=&#8221;default&#8221; global_colors_info=&#8221;{}&#8221;][et_pb_image src=&#8221;https:\/\/visitvisp.ch\/wp-content\/uploads\/2024\/01\/Karte-Pro-Infirmis.jpg&#8221; title_text=&#8221;Karte Pro Infirmis&#8221; module_class=&#8221;vv-image-wide&#8221; _builder_version=&#8221;4.23.1&#8243; _module_preset=&#8221;default&#8221; global_colors_info=&#8221;{}&#8221;][\/et_pb_image][\/et_pb_column][et_pb_column type=&#8221;1_2&#8243; _builder_version=&#8221;4.16&#8243; _module_preset=&#8221;default&#8221; global_colors_info=&#8221;{}&#8221;][et_pb_text _builder_version=&#8221;4.23.1&#8243; _module_preset=&#8221;default&#8221; locked=&#8221;off&#8221; global_colors_info=&#8221;{}&#8221;]<\/p>\n<h1>Digitale Zug\u00e4nglichkeitskarte<\/h1>\n<p>In Zusammenarbeit mit \u00abPro Infirmis\u00bb wurden einige interessante Orte in Visp auf ihre Zug\u00e4nglichkeit \u00fcberpr\u00fcft. Eine \u00dcbersicht \u00fcber alle Orte sehen Sie auf der Homepage von \u00abPro Infirmis\u00bb.<\/p>\n<p>[\/et_pb_text][et_pb_button button_url=&#8221;https:\/\/map.proinfirmis.ch\/&#8221; url_new_window=&#8221;on&#8221; button_text=&#8221;Digitale Zug\u00e4nglichkeitskarte&#8221; module_class=&#8221;vv-et-btn-accent-outline-light&#8221; _builder_version=&#8221;4.23.1&#8243; _module_preset=&#8221;default&#8221; locked=&#8221;off&#8221; global_colors_info=&#8221;{}&#8221;][\/et_pb_button][\/et_pb_column][\/et_pb_row][\/et_pb_section][et_pb_section fb_built=&#8221;1&#8243; _builder_version=&#8221;4.23.1&#8243; _module_preset=&#8221;default&#8221; global_colors_info=&#8221;{}&#8221;][et_pb_row column_structure=&#8221;1_2,1_2&#8243; _builder_version=&#8221;4.16&#8243; _module_preset=&#8221;default&#8221; global_colors_info=&#8221;{}&#8221;][et_pb_column type=&#8221;1_2&#8243; _builder_version=&#8221;4.16&#8243; _module_preset=&#8221;default&#8221; global_colors_info=&#8221;{}&#8221;][et_pb_text _builder_version=&#8221;4.16&#8243; _module_preset=&#8221;default&#8221; global_colors_info=&#8221;{}&#8221;]<\/p>\n<h1>Elektro-Mobilit\u00e4t<\/h1>\n<p>Die Elektro-Mobilit\u00e4t macht auch vor Visp nicht halt. Anders wie in anderen St\u00e4dten der Schweiz gibt es jedoch noch keine E-Scooter. In Visp gibt es diverse Ladestationen, damit Sie ihr E-Automobil aufladen k\u00f6nnen. Diese k\u00f6nnen auf der Seite von Chargemap eingesehen werden.<\/p>\n<p>[\/et_pb_text][et_pb_button button_url=&#8221;https:\/\/de.chargemap.com\/cities\/visp-CH&#8221; url_new_window=&#8221;on&#8221; button_text=&#8221;Chargemap von Visp&#8221; module_class=&#8221;vv-et-btn-accent-outline-light&#8221; _builder_version=&#8221;4.16&#8243; _module_preset=&#8221;default&#8221; global_colors_info=&#8221;{}&#8221;][\/et_pb_button][\/et_pb_column][et_pb_column type=&#8221;1_2&#8243; _builder_version=&#8221;4.16&#8243; _module_preset=&#8221;default&#8221; global_colors_info=&#8221;{}&#8221;][et_pb_image src=&#8221;https:\/\/visitvisp.ch\/wp-content\/uploads\/2022\/02\/Ladestation-scaled.jpg&#8221; title_text=&#8221;Ladestation&#8221; module_class=&#8221;vv-image-wide&#8221; _builder_version=&#8221;4.16&#8243; _module_preset=&#8221;default&#8221; global_colors_info=&#8221;{}&#8221;][\/et_pb_image][\/et_pb_column][\/et_pb_row][\/et_pb_section][et_pb_section fb_built=&#8221;1&#8243; _builder_version=&#8221;4.16&#8243; _module_preset=&#8221;default&#8221; global_colors_info=&#8221;{}&#8221;][et_pb_row _builder_version=&#8221;4.16&#8243; _module_preset=&#8221;default&#8221; global_colors_info=&#8221;{}&#8221;][et_pb_column type=&#8221;4_4&#8243; _builder_version=&#8221;4.16&#8243; _module_preset=&#8221;default&#8221; global_colors_info=&#8221;{}&#8221;][et_pb_text _builder_version=&#8221;4.16&#8243; _module_preset=&#8221;default&#8221; global_colors_info=&#8221;{}&#8221;]<\/p>\n<h1>Weitere Verkehrsmittel und Parkm\u00f6glichkeiten<\/h1>\n<p>[\/et_pb_text][\/et_pb_column][\/et_pb_row][et_pb_row column_structure=&#8221;1_4,1_4,1_2&#8243; _builder_version=&#8221;4.27.0&#8243; _module_preset=&#8221;default&#8221; global_colors_info=&#8221;{}&#8221;][et_pb_column type=&#8221;1_4&#8243; _builder_version=&#8221;4.16&#8243; _module_preset=&#8221;default&#8221; global_colors_info=&#8221;{}&#8221;][et_pb_text _builder_version=&#8221;4.27.0&#8243; _module_preset=&#8221;default&#8221; global_colors_info=&#8221;{}&#8221;]<\/p>\n<h3>Rent a bike<\/h3>\n<p>Visp ist eine Biking Hotspot. Im Sommer k\u00f6nnen in Visp in <span><a href=\"https:\/\/www.kensbikeshop.ch\/\" target=\"_blank\" rel=\"noopener\">Ken&#8217;s Bike Shop<\/a> <\/span>Fahrr\u00e4der und Mountainbike gemietet werden.<\/p>\n<p>Diverse Postauto besitzen eine Vorrichtung f\u00fcr den Transport der Mountainbikes. Nach einer erfolgreichen <a href=\"https:\/\/www.postauto.ch\/de\/reisen-und-services\/reisehinweise-und-reservationen\/reisen-mit-velo\" target=\"_blank\" rel=\"noopener\" title=\"Postauto Bike\">Reservation <\/a>steht einer Abfahrt ins Tal nichts im Weg.<\/p>\n<p>[\/et_pb_text][\/et_pb_column][et_pb_column type=&#8221;1_4&#8243; _builder_version=&#8221;4.16&#8243; _module_preset=&#8221;default&#8221; global_colors_info=&#8221;{}&#8221;][et_pb_text _builder_version=&#8221;4.17.4&#8243; _module_preset=&#8221;default&#8221; global_colors_info=&#8221;{}&#8221;]<\/p>\n<h3>Taxiruf<\/h3>\n<h5>Taxi Zerzuben<\/h5>\n<p>Kantonsstrasse 67<br \/>3930 Visp<\/p>\n<p>Tel. +41 27 9 480 480<br \/><a href=\"https:\/\/www.taxi-zerzuben.ch\/\" target=\"_blank\" rel=\"noopener\">zur Website<\/a><\/p>\n<p>[\/et_pb_text][\/et_pb_column][et_pb_column type=&#8221;1_2&#8243; _builder_version=&#8221;4.16&#8243; _module_preset=&#8221;default&#8221; global_colors_info=&#8221;{}&#8221;][et_pb_text _builder_version=&#8221;4.17.4&#8243; _module_preset=&#8221;default&#8221; global_colors_info=&#8221;{}&#8221;]<\/p>\n<h3>Parkh\u00e4user und Parkpl\u00e4tze<\/h3>\n<p>[\/et_pb_text][et_pb_button button_url=&#8221;https:\/\/www.visp.ch\/de\/leben-wohnen\/mobilitaet\/parkhaeuser-und-parkplaetze&#8221; url_new_window=&#8221;on&#8221; button_text=&#8221;Tarife Parkh\u00e4user&#8221; module_class=&#8221;vv-et-btn-accent-outline-light&#8221; _builder_version=&#8221;4.27.0&#8243; _module_preset=&#8221;default&#8221; global_colors_info=&#8221;{}&#8221;][\/et_pb_button][et_pb_code _builder_version=&#8221;4.27.4&#8243; _module_preset=&#8221;default&#8221; hover_enabled=&#8221;0&#8243; sticky_enabled=&#8221;0&#8243;]<iframe loading=\"lazy\" src=\"https:\/\/www.google.com\/maps\/d\/embed?mid=1_kdjC16A7vywIMTu8z2RPHa5BuNeFIAP&#038;ehbc=2E312F\" width=\"640\" height=\"480\"><\/iframe>[\/et_pb_code][\/et_pb_column][\/et_pb_row][\/et_pb_section]<\/p>\n","protected":false},"excerpt":{"rendered":"<p>Mobilit\u00e4t in VispPostAuto &amp; ZugAusflugszielen mit dem PostAuto Der Busbahnhof Visp ist der Ausgangspunkt f\u00fcr viele Ausfl\u00fcge im Oberwallis. Mehrere Postautolinien starten vom Bahnhof Visp und bringen Sie zu Ihrem gew\u00fcnschten Ziel. Einfach Wunschdestination auf der Webseite der Post eingeben, einsteigen und losfahren.Ausflugsziele mit dem Zug Seit der Er\u00f6ffnung des Neat-Basistunnels ist das St\u00e4dtchen ein [&hellip;]<\/p>\n","protected":false},"author":1,"featured_media":0,"parent":0,"menu_order":0,"comment_status":"closed","ping_status":"closed","template":"","meta":{"_et_pb_use_builder":"on","_et_pb_old_content":"","_et_gb_content_width":"","footnotes":""},"class_list":["post-1295","page","type-page","status-publish","hentry"],"_links":{"self":[{"href":"https:\/\/visitvisp.ch\/en\/wp-json\/wp\/v2\/pages\/1295","targetHints":{"allow":["GET"]}}],"collection":[{"href":"https:\/\/visitvisp.ch\/en\/wp-json\/wp\/v2\/pages"}],"about":[{"href":"https:\/\/visitvisp.ch\/en\/wp-json\/wp\/v2\/types\/page"}],"author":[{"embeddable":true,"href":"https:\/\/visitvisp.ch\/en\/wp-json\/wp\/v2\/users\/1"}],"replies":[{"embeddable":true,"href":"https:\/\/visitvisp.ch\/en\/wp-json\/wp\/v2\/comments?post=1295"}],"version-history":[{"count":64,"href":"https:\/\/visitvisp.ch\/en\/wp-json\/wp\/v2\/pages\/1295\/revisions"}],"predecessor-version":[{"id":9694,"href":"https:\/\/visitvisp.ch\/en\/wp-json\/wp\/v2\/pages\/1295\/revisions\/9694"}],"wp:attachment":[{"href":"https:\/\/visitvisp.ch\/en\/wp-json\/wp\/v2\/media?parent=1295"}],"curies":[{"name":"wp","href":"https:\/\/api.w.org\/{rel}","templated":true}]}}