{"id":408,"date":"2021-10-20T23:52:55","date_gmt":"2021-10-20T21:52:55","guid":{"rendered":"https:\/\/visitvisp.ch\/?page_id=408"},"modified":"2026-03-20T11:13:03","modified_gmt":"2026-03-20T10:13:03","slug":"detailhandel","status":"publish","type":"page","link":"https:\/\/visitvisp.ch\/en\/netzwerk\/detailhandel\/","title":{"rendered":"Detailhandel"},"content":{"rendered":"<p>[et_pb_section fb_built=&#8221;1&#8243; module_class=&#8221;hero-section page-hero-section-image&#8221; _builder_version=&#8221;4.27.0&#8243; _module_preset=&#8221;default&#8221; background_image=&#8221;https:\/\/visitvisp.ch\/wp-content\/uploads\/2022\/02\/Header_Event_Puerumaert.jpg&#8221; locked=&#8221;off&#8221; global_colors_info=&#8221;{}&#8221;][et_pb_row _builder_version=&#8221;4.16&#8243; _module_preset=&#8221;default&#8221; global_colors_info=&#8221;{}&#8221;][et_pb_column type=&#8221;4_4&#8243; _builder_version=&#8221;4.16&#8243; _module_preset=&#8221;default&#8221; global_colors_info=&#8221;{}&#8221;][et_pb_text module_class=&#8221;vv-text-l&#8221; _builder_version=&#8221;4.16&#8243; _module_preset=&#8221;default&#8221; global_colors_info=&#8221;{}&#8221;]<\/p>\n<h1>Detailhandel<\/h1>\n<p>[\/et_pb_text][\/et_pb_column][\/et_pb_row][\/et_pb_section][et_pb_section fb_built=&#8221;1&#8243; module_class=&#8221;elementColor-grey400&#8243; _builder_version=&#8221;4.16&#8243; _module_preset=&#8221;default&#8221; locked=&#8221;off&#8221; global_colors_info=&#8221;{}&#8221;][et_pb_row _builder_version=&#8221;4.16&#8243; _module_preset=&#8221;default&#8221; global_colors_info=&#8221;{}&#8221;][et_pb_column type=&#8221;4_4&#8243; _builder_version=&#8221;4.16&#8243; _module_preset=&#8221;default&#8221; global_colors_info=&#8221;{}&#8221;][et_pb_text module_class=&#8221;font-weight-400&#8243; _builder_version=&#8221;4.16&#8243; _module_preset=&#8221;default&#8221; global_colors_info=&#8221;{}&#8221;]<\/p>\n<h4><span style=\"color: #000000;\">Diese grossartigen H\u00e4ndler sind Mitglieder von Visp Gewerbe und Tourismus (VGT). Hier finden Sie garantiert alles, was Ihr Shopping-Herz h\u00f6her schlagen l\u00e4sst.<\/span><span style=\"color: #000000;\"><\/span><span style=\"color: #000000;\"><\/span><\/h4>\n<h4><span style=\"color: #000000;\">Sie wollen nicht bummeln? Dann st\u00f6bern Sie auch in den anderen 3 Rubriken<\/span><\/h4>\n<p><span style=\"color: #000000;\"><\/span><\/p>\n<p>[\/et_pb_text][\/et_pb_column][\/et_pb_row][\/et_pb_section][et_pb_section fb_built=&#8221;1&#8243; _builder_version=&#8221;4.16&#8243; _module_preset=&#8221;default&#8221; locked=&#8221;off&#8221; global_colors_info=&#8221;{}&#8221;][et_pb_row column_structure=&#8221;1_4,1_4,1_4,1_4&#8243; use_custom_gutter=&#8221;on&#8221; gutter_width=&#8221;2&#8243; make_equal=&#8221;on&#8221; module_class=&#8221;vv-row-100h&#8221; _builder_version=&#8221;4.16&#8243; _module_preset=&#8221;default&#8221; global_colors_info=&#8221;{}&#8221;][et_pb_column type=&#8221;1_4&#8243; _builder_version=&#8221;4.16&#8243; _module_preset=&#8221;default&#8221; global_colors_info=&#8221;{}&#8221;][et_pb_button button_url=&#8221;\/verein\/mitglieder\/bau-industrie&#8221; button_text=&#8221;Bau &#038; Industrie&#8221; module_class=&#8221;vv-et-btn-accent-outline-light vv-et-btn-100&#8243; _builder_version=&#8221;4.16&#8243; _module_preset=&#8221;default&#8221; global_colors_info=&#8221;{}&#8221;][\/et_pb_button][\/et_pb_column][et_pb_column type=&#8221;1_4&#8243; _builder_version=&#8221;4.16&#8243; _module_preset=&#8221;default&#8221; global_colors_info=&#8221;{}&#8221;][et_pb_button button_url=&#8221;\/verein\/mitglieder\/detailhandel&#8221; button_text=&#8221;Detailhandel&#8221; module_class=&#8221;vv-et-btn-accent vv-et-btn-100&#8243; _builder_version=&#8221;4.16&#8243; _module_preset=&#8221;default&#8221; global_colors_info=&#8221;{}&#8221;][\/et_pb_button][\/et_pb_column][et_pb_column type=&#8221;1_4&#8243; _builder_version=&#8221;4.16&#8243; _module_preset=&#8221;default&#8221; global_colors_info=&#8221;{}&#8221;][et_pb_button button_url=&#8221;\/verein\/mitglieder\/dienstleister&#8221; button_text=&#8221;Dienstleister&#8221; module_class=&#8221;vv-et-btn-accent-outline-light vv-et-btn-100&#8243; _builder_version=&#8221;4.16&#8243; _module_preset=&#8221;default&#8221; global_colors_info=&#8221;{}&#8221;][\/et_pb_button][\/et_pb_column][et_pb_column type=&#8221;1_4&#8243; _builder_version=&#8221;4.16&#8243; _module_preset=&#8221;default&#8221; global_colors_info=&#8221;{}&#8221;][et_pb_button button_url=&#8221;\/verein\/mitglieder\/gastronomie-tourismus&#8221; button_text=&#8221;Gastronomie &#038; Tourismus&#8221; module_class=&#8221;vv-et-btn-accent-outline-light vv-et-btn-100&#8243; _builder_version=&#8221;4.16&#8243; _module_preset=&#8221;default&#8221; global_colors_info=&#8221;{}&#8221;][\/et_pb_button][\/et_pb_column][\/et_pb_row][et_pb_row _builder_version=&#8221;4.16&#8243; _module_preset=&#8221;default&#8221; global_colors_info=&#8221;{}&#8221;][et_pb_column type=&#8221;4_4&#8243; _builder_version=&#8221;4.16&#8243; _module_preset=&#8221;default&#8221; global_colors_info=&#8221;{}&#8221;][et_pb_filterable_portfolio fullwidth=&#8221;off&#8221; posts_number=&#8221;50&#8243; include_categories=&#8221;72,43,44,45,46,47,48,49,50,73,155,162,191&#8243; show_pagination=&#8221;off&#8221; hover_icon=&#8221;&#x24;||divi||400&#8243; _builder_version=&#8221;4.27.4&#8243; _module_preset=&#8221;default&#8221; hover_enabled=&#8221;0&#8243; locked=&#8221;off&#8221; global_colors_info=&#8221;{}&#8221; sticky_enabled=&#8221;0&#8243;][\/et_pb_filterable_portfolio][\/et_pb_column][\/et_pb_row][\/et_pb_section][et_pb_section fb_built=&#8221;1&#8243; module_class=&#8221;vv-no-padding-bottom-mobile vv-no-padding-top-mobile&#8221; _builder_version=&#8221;4.16&#8243; _module_preset=&#8221;default&#8221; locked=&#8221;off&#8221; global_colors_info=&#8221;{}&#8221;][et_pb_row _builder_version=&#8221;4.16&#8243; _module_preset=&#8221;default&#8221; global_colors_info=&#8221;{}&#8221;][et_pb_column type=&#8221;4_4&#8243; _builder_version=&#8221;4.16&#8243; _module_preset=&#8221;default&#8221; global_colors_info=&#8221;{}&#8221;][et_pb_text module_class=&#8221;font-weight-400 pl20 pr20 pt10 pb10 elementColor-grey400&#8243; _builder_version=&#8221;4.18.1&#8243; _module_preset=&#8221;default&#8221; global_colors_info=&#8221;{}&#8221;]<\/p>\n<p><span class=\"et-pb-icon\" style=\"font-size: 14px;\">\ue079<\/span> \u00a0H\u00e4ndler akzeptiert <a href=\"\/entdecken\/vispgutschein\/\">VispGutschein<\/a><\/p>\n<p>[\/et_pb_text][\/et_pb_column][\/et_pb_row][\/et_pb_section]<\/p>\n","protected":false},"excerpt":{"rendered":"<p>DetailhandelDiese grossartigen H\u00e4ndler sind Mitglieder von Visp Gewerbe und Tourismus (VGT). Hier finden Sie garantiert alles, was Ihr Shopping-Herz h\u00f6her schlagen l\u00e4sst. Sie wollen nicht bummeln? Dann st\u00f6bern Sie auch in den anderen 3 Rubriken \ue079 \u00a0H\u00e4ndler akzeptiert VispGutschein<\/p>\n","protected":false},"author":1,"featured_media":0,"parent":396,"menu_order":0,"comment_status":"closed","ping_status":"closed","template":"","meta":{"_et_pb_use_builder":"on","_et_pb_old_content":"","_et_gb_content_width":"","footnotes":""},"class_list":["post-408","page","type-page","status-publish","hentry"],"_links":{"self":[{"href":"https:\/\/visitvisp.ch\/en\/wp-json\/wp\/v2\/pages\/408","targetHints":{"allow":["GET"]}}],"collection":[{"href":"https:\/\/visitvisp.ch\/en\/wp-json\/wp\/v2\/pages"}],"about":[{"href":"https:\/\/visitvisp.ch\/en\/wp-json\/wp\/v2\/types\/page"}],"author":[{"embeddable":true,"href":"https:\/\/visitvisp.ch\/en\/wp-json\/wp\/v2\/users\/1"}],"replies":[{"embeddable":true,"href":"https:\/\/visitvisp.ch\/en\/wp-json\/wp\/v2\/comments?post=408"}],"version-history":[{"count":22,"href":"https:\/\/visitvisp.ch\/en\/wp-json\/wp\/v2\/pages\/408\/revisions"}],"predecessor-version":[{"id":13344,"href":"https:\/\/visitvisp.ch\/en\/wp-json\/wp\/v2\/pages\/408\/revisions\/13344"}],"up":[{"embeddable":true,"href":"https:\/\/visitvisp.ch\/en\/wp-json\/wp\/v2\/pages\/396"}],"wp:attachment":[{"href":"https:\/\/visitvisp.ch\/en\/wp-json\/wp\/v2\/media?parent=408"}],"curies":[{"name":"wp","href":"https:\/\/api.w.org\/{rel}","templated":true}]}}