{"id":4560,"date":"2024-06-07T11:25:54","date_gmt":"2024-06-07T09:25:54","guid":{"rendered":"https:\/\/visitvisp.ch\/?page_id=4560"},"modified":"2025-10-01T09:34:19","modified_gmt":"2025-10-01T07:34:19","slug":"inspiration","status":"publish","type":"page","link":"https:\/\/visitvisp.ch\/en\/inspiration\/","title":{"rendered":"Inspiration"},"content":{"rendered":"<p>[et_pb_section fb_built=&#8221;1&#8243; module_class=&#8221;hero-section page-hero-section-image&#8221; _builder_version=&#8221;4.27.0&#8243; _module_preset=&#8221;default&#8221; background_image=&#8221;https:\/\/visitvisp.ch\/wp-content\/uploads\/2022\/02\/Header_Sommer-1024&#215;555.jpg&#8221; saved_tabs=&#8221;all&#8221; locked=&#8221;off&#8221; global_colors_info=&#8221;{}&#8221;][et_pb_row _builder_version=&#8221;4.16&#8243; _module_preset=&#8221;default&#8221; global_colors_info=&#8221;{}&#8221;][et_pb_column type=&#8221;4_4&#8243; _builder_version=&#8221;4.16&#8243; _module_preset=&#8221;default&#8221; global_colors_info=&#8221;{}&#8221;][et_pb_text _builder_version=&#8221;4.17.4&#8243; _module_preset=&#8221;default&#8221; global_colors_info=&#8221;{}&#8221;]<\/p>\n<h1>Inspiration<\/h1>\n<p>[\/et_pb_text][\/et_pb_column][\/et_pb_row][\/et_pb_section][et_pb_section fb_built=&#8221;1&#8243; module_class=&#8221;elementColor-grey400&#8243; _builder_version=&#8221;4.16&#8243; _module_preset=&#8221;default&#8221; locked=&#8221;off&#8221; global_colors_info=&#8221;{}&#8221;][et_pb_row _builder_version=&#8221;4.16&#8243; _module_preset=&#8221;default&#8221; global_colors_info=&#8221;{}&#8221;][et_pb_column type=&#8221;4_4&#8243; _builder_version=&#8221;4.16&#8243; _module_preset=&#8221;default&#8221; global_colors_info=&#8221;{}&#8221;][et_pb_text module_class=&#8221;font-weight-400&#8243; _builder_version=&#8221;4.17.4&#8243; _module_preset=&#8221;default&#8221; global_colors_info=&#8221;{}&#8221;]<\/p>\n<h4><span>Lass dich von den Erlebnissen anderer Touristen inspirieren und finde das passende Programm f\u00fcr deinen zweit\u00e4gigen Aufenthalt in Visp!<\/span><\/h4>\n<p>[\/et_pb_text][\/et_pb_column][\/et_pb_row][\/et_pb_section][et_pb_section fb_built=&#8221;1&#8243; _builder_version=&#8221;4.17.4&#8243; _module_preset=&#8221;default&#8221; global_colors_info=&#8221;{}&#8221;][et_pb_row column_structure=&#8221;1_3,1_3,1_3&#8243; _builder_version=&#8221;4.17.4&#8243; _module_preset=&#8221;default&#8221; global_colors_info=&#8221;{}&#8221;][et_pb_column type=&#8221;1_3&#8243; _builder_version=&#8221;4.17.4&#8243; _module_preset=&#8221;default&#8221; global_colors_info=&#8221;{}&#8221;][et_pb_text _builder_version=&#8221;4.24.3&#8243; _module_preset=&#8221;default&#8221; global_colors_info=&#8221;{}&#8221;]<\/p>\n<h3><a href=\"https:\/\/visitvisp.ch\/inspiration\/#Karin\">Das Paar<\/a><\/h3>\n<p>[\/et_pb_text][\/et_pb_column][et_pb_column type=&#8221;1_3&#8243; _builder_version=&#8221;4.17.4&#8243; _module_preset=&#8221;default&#8221; global_colors_info=&#8221;{}&#8221;][et_pb_text _builder_version=&#8221;4.24.3&#8243; _module_preset=&#8221;default&#8221; locked=&#8221;off&#8221; global_colors_info=&#8221;{}&#8221;]<\/p>\n<h3><a href=\"https:\/\/visitvisp.ch\/inspiration\/#Familie\">Die Familie<\/a><\/h3>\n<p>[\/et_pb_text][\/et_pb_column][et_pb_column type=&#8221;1_3&#8243; _builder_version=&#8221;4.17.4&#8243; _module_preset=&#8221;default&#8221; global_colors_info=&#8221;{}&#8221;][et_pb_text _builder_version=&#8221;4.24.3&#8243; _module_preset=&#8221;default&#8221; locked=&#8221;off&#8221; global_colors_info=&#8221;{}&#8221;]<\/p>\n<h3><a href=\"https:\/\/visitvisp.ch\/inspiration\/#Rebeccas\">Junggesellinnenabend<\/a><\/h3>\n<p>[\/et_pb_text][\/et_pb_column][\/et_pb_row][\/et_pb_section][et_pb_section fb_built=&#8221;1&#8243; _builder_version=&#8221;4.16&#8243; _module_preset=&#8221;default&#8221; global_colors_info=&#8221;{}&#8221;][et_pb_row column_structure=&#8221;1_2,1_2&#8243; module_id=&#8221;Karin&#8221; _builder_version=&#8221;4.24.3&#8243; _module_preset=&#8221;default&#8221; global_colors_info=&#8221;{}&#8221;][et_pb_column type=&#8221;1_2&#8243; _builder_version=&#8221;4.16&#8243; _module_preset=&#8221;default&#8221; global_colors_info=&#8221;{}&#8221;][et_pb_text _builder_version=&#8221;4.22.2&#8243; _module_preset=&#8221;default&#8221; global_colors_info=&#8221;{}&#8221;]<\/p>\n<h3><strong>Karin &amp; Hans<\/strong>: <strong>Gem\u00fctliche, gemeinsame Stunden in Visp<\/strong><\/h3>\n<p style=\"text-align: justify;\"><strong>Dienstag <\/strong><\/p>\n<p style=\"text-align: justify;\">In Visp Bahnhof angekommen, schlenderten wir durch die autofreie Bahnhofstrasse. Dort stand bereits das zentral gelegene Hotel. Nach einem Willkommensdrink und der Besichtigung unseres Hotelzimmers machten wir uns bereits auf die Entdeckungstour vom alten Visp.<\/p>\n<p style=\"text-align: justify;\"><strong>16:00<\/strong> Wir haben n\u00e4mlich eine <a href=\"https:\/\/visitvisp.ch\/entdecken\/sommer\/altstadt-und-fuehrungen\/\" target=\"_blank\" rel=\"noopener\">\u00abAltstadtf\u00fchrung\u00bb<\/a> im Tourist Office in Visp gebucht. Der F\u00fchrer wartete bereits beim Bahnhof vor dem Brunnen \u00abLe dieu de vi\u00e8ge\u00bb auf uns. Er begr\u00fcsste uns sehr herzlich und erz\u00e4hlte dann bereits von anno dazumal. Nach etwas 5\/4h haben wir das Alte Visp mit italienischem Flair erkundet. Anschliessend flanierten wir gem\u00fctlich durch die kleinen Gassen, bummelten ein wenig in der Bahnhofstrasse, tranken einen feinen Walliser Weisswein auf einer Gartenterrasse und liessen die Seele baumeln.<\/p>\n<p style=\"text-align: justify;\"><strong>18:30<\/strong> Am Abend waren wir dann noch gem\u00fctlich fein essen gegangen in einer der zahlreichen Restaurants in Visp bevor wir uns dann mit vielen sch\u00f6nen Gedanken ins Hotelbett gelegt haben.<\/p>\n<p style=\"text-align: justify;\"><strong>Mittwoch<\/strong><\/p>\n<p style=\"text-align: justify;\">Nach einer erholsamen Nacht sind wir am Morgen zuerst mal richtig fein Fr\u00fchst\u00fccken gegangen. Das Buffet verstr\u00f6mte einen wahrhaftig herzhaften Geruch im Essraum und lies keine W\u00fcnsche offen. Nach dem feinen Fr\u00fchst\u00fcck und nach dem Auschecken machten wir uns dann auf den Weg zu einem der Veloh\u00e4ndler, damit wir uns ein E-Bike f\u00fcr den Tag mieten konnten. Anschliessend fuhren wir <a href=\"https:\/\/www.schweizmobil.ch\/de\/veloland\/routen\/route\/etappe-0929.html\" target=\"_blank\" rel=\"noopener\">entlang der Rhone<\/a>, umgeben von Wiesen und Rebbergen.<\/p>\n<p style=\"text-align: justify;\"><strong>14:00<\/strong> In Salgesch angekommen, besichtigten wir das <a href=\"https:\/\/salgesch.ch\/erlebnis\/weinmuseum\/\" target=\"_blank\" rel=\"noopener\">Weinmuseum<\/a>. Das Weinmuseum zeichnet die gepr\u00e4gte Geschichte dieses aussergew\u00f6hnlichen Bergweinbaus nach. Nach zahlreichen Informationen und Eindr\u00fccke zum Wein liessen wir es uns nicht entgehen, in einer der vielen Kellereien Walliser Wein zu degustieren und zu kaufen.<\/p>\n<p style=\"text-align: justify;\"><strong>16:00<\/strong> Anschliessend haben wir uns dann wieder auf die R\u00fcckreise nach Visp gemacht.\u00a0 Wir holten unser Koffer aus dem Gep\u00e4ckraum von unserem Hotel und starteten unsere Heimreise, da unsere 2 Tage in Visp\u00a0 leider wieder vorbei waren.<\/p>\n<p style=\"text-align: justify;\">Wir haben die Zeit in Visp sehr genossen und werden bestimmt bei einer anderen Gelegenheit wieder nach Visp kommen um die Gegend rund um Visp noch besser zu erkunden.<\/p>\n<p>[\/et_pb_text][\/et_pb_column][et_pb_column type=&#8221;1_2&#8243; _builder_version=&#8221;4.16&#8243; _module_preset=&#8221;default&#8221; global_colors_info=&#8221;{}&#8221;][et_pb_image src=&#8221;https:\/\/visitvisp.ch\/wp-content\/uploads\/2022\/02\/Pressebild_Visp_Alter-Dorfkern-683&#215;1024.jpg&#8221; alt=&#8221;Pressebild Visp &#8211; Alter Dorfkern&#8221; title_text=&#8221;Pressebild Visp &#8211; Alter Dorfkern&#8221; module_class=&#8221;vv-image-wide&#8221; _builder_version=&#8221;4.17.4&#8243; _module_preset=&#8221;default&#8221; global_colors_info=&#8221;{}&#8221;][\/et_pb_image][et_pb_image src=&#8221;https:\/\/visitvisp.ch\/wp-content\/uploads\/2022\/01\/Bild3.jpg&#8221; alt=&#8221;Pressebild Visp &#8211; Alter Dorfkern&#8221; title_text=&#8221;Biken_Downhill_2&#8243; module_class=&#8221;vv-image-wide&#8221; _builder_version=&#8221;4.17.4&#8243; _module_preset=&#8221;default&#8221; locked=&#8221;off&#8221; global_colors_info=&#8221;{}&#8221;][\/et_pb_image][\/et_pb_column][\/et_pb_row][\/et_pb_section][et_pb_section fb_built=&#8221;1&#8243; _builder_version=&#8221;4.16&#8243; _module_preset=&#8221;default&#8221; global_colors_info=&#8221;{}&#8221;][et_pb_row column_structure=&#8221;1_2,1_2&#8243; module_id=&#8221;Familie&#8221; _builder_version=&#8221;4.24.3&#8243; _module_preset=&#8221;default&#8221; global_colors_info=&#8221;{}&#8221;][et_pb_column type=&#8221;1_2&#8243; _builder_version=&#8221;4.16&#8243; _module_preset=&#8221;default&#8221; global_colors_info=&#8221;{}&#8221;][et_pb_image src=&#8221;https:\/\/visitvisp.ch\/wp-content\/uploads\/2022\/01\/Valrafting_2.jpg&#8221; title_text=&#8221;Valrafting_2&#8243; module_class=&#8221;vv-image-wide&#8221; _builder_version=&#8221;4.17.4&#8243; _module_preset=&#8221;default&#8221; global_colors_info=&#8221;{}&#8221;][\/et_pb_image][et_pb_image src=&#8221;https:\/\/visitvisp.ch\/wp-content\/uploads\/2022\/02\/Meeting-Package_Air-Zermatt-1024&#215;693.jpeg&#8221; alt=&#8221;Pressebild Visp &#8211; Alter Dorfkern&#8221; title_text=&#8221;Meeting Package_Air Zermatt&#8221; module_class=&#8221;vv-image-wide&#8221; _builder_version=&#8221;4.17.4&#8243; _module_preset=&#8221;default&#8221; locked=&#8221;off&#8221; global_colors_info=&#8221;{}&#8221;][\/et_pb_image][\/et_pb_column][et_pb_column type=&#8221;1_2&#8243; _builder_version=&#8221;4.16&#8243; _module_preset=&#8221;default&#8221; global_colors_info=&#8221;{}&#8221;][et_pb_text _builder_version=&#8221;4.17.4&#8243; _module_preset=&#8221;default&#8221; global_colors_info=&#8221;{}&#8221;]<\/p>\n<h3 style=\"text-align: justify;\"><strong>Familie Caminada liebt Action<\/strong><\/h3>\n<p style=\"text-align: justify;\"><strong>Freitag<\/strong><\/p>\n<p style=\"text-align: justify;\"><strong>10:00<\/strong> Morgens in Visp Bahnhof angekommen, pulsiert bereits das Leben im immer wachsenden Lonza-St\u00e4dtchen. Neugierig schlenderten wir durch die autofreie Bahnhofstrasse. Dort stand bereits eines, der zentral gelegenen Hotels in Visp. Nach dem Check-In machten wir uns auf den Weg zu unserem ersten Tages-Abenteuer.<\/p>\n<p style=\"text-align: justify;\"><strong> 11:00<\/strong> Wir gingen zum <a href=\"https:\/\/camping-visp.ch\/schwimmbad\/\" target=\"_blank\" rel=\"noopener\">Schwimmbad<\/a> in Visp, wo sich die Reception des Valraftings befand. Wir gingen n\u00e4mlich <a href=\"https:\/\/valrafting.com\/\" target=\"_blank\" rel=\"noopener\">River Raften<\/a>! Mit einem Paddel bewaffnet und aufmerksam den Sicherheitsanweisungen zugeh\u00f6rt, konnte der Ganztagesausflug durch zwei der eindrucksvollsten Routen der Alpen nun starten.Sobald die F\u00fchrungsperson ins Floss sprang, war dies das Signal f\u00fcr die Crew, alles zu geben um die ersten Stromschnellen der \u00abVispa\u00bb zu meistern. Anschliessend wurde am Flussufer gegrillt, bevor es dann weiter auf den kr\u00e4ftigen, schnellen Rhone-Fluss zuging. W\u00e4hrend diesem ganzt\u00e4gigen Ausflug betrug die Flusszeit etwa zwei Stunden. Spass und Abenteuer war stets f\u00fcr alle Teilnehmenden garantiert.<\/p>\n<p style=\"text-align: justify;\"><strong>17:00<\/strong> M\u00fcde und doch immer noch voller Adrenalin in den Adern gingen wir dann zur\u00fcck ins Hotel, um anschliessend in einem der Restaurants fein zu dinieren. Nach dem Abendessen fielen wir alle ins Bett ohne ein Murren. Wir waren m\u00fcde, aber froh \u00fcber das Erlebte.<\/p>\n<p style=\"text-align: justify;\"><strong>Samstag<\/strong><\/p>\n<p style=\"text-align: justify;\"><strong>8:00<\/strong> Am Morgen dann holte uns der Wecker aus unseren tiefen Tr\u00e4umen. Wir machten uns auf zum Fr\u00fchst\u00fccksaal, um uns f\u00fcr den kommenden Tag zu st\u00e4rken. Die Reise ging n\u00e4mlich zum Flugplatz in Raron. Dort machten wir uns dann bereit f\u00fcr den <a href=\"https:\/\/www.air-zermatt.ch\/de\/erlebnis\/rundflug\" target=\"_blank\" rel=\"noopener\">Helikopterrundflug<\/a>. Wir hoben ab und dann\u2026 erlebten wir die unvergessliche Sch\u00f6nheit dieser Berge. Auf diesem Rundflug genossen wir einen einmaligen Ausblick auf die Bergwelt. Unter anderem sahen wir das Weisshorn, das Zinalrothorn, die Dent Blanche, das Matterhorn, den Theodulpass, das Breithorn und den Gornergrat. Wir hatten dann dem Piloten gesagt, er solle uns doch bitte auf dem Rothorn herauslassen, so dass wir dann noch ein wenig runter zum <a href=\"https:\/\/www.gornergrat.ch\/de\/\" target=\"_blank\" rel=\"noopener\">Gornergrat<\/a> wandern konnten. Dort angekommen, g\u00f6nnten wir uns eine gute Platte mit Walliser K\u00f6stlichkeiten und einem guten Tropfen Wein.<\/p>\n<p style=\"text-align: justify;\"><strong>13:00<\/strong> Anschliessend machten wir uns dann mit dem Zug wieder auf den Weg hinunter nach <a href=\"https:\/\/www.matterhorngotthardbahn.ch\/de\/sommer\/\" target=\"_blank\" rel=\"noopener\">Zermatt<\/a>. Dort haben wir dann den ber\u00fchmten Weltkurort erkundet. Wir gelangen zum Dorfplatz und haben das <a href=\"https:\/\/www.zermatt.ch\/museum\" target=\"_blank\" rel=\"noopener\">Bergsteiger-Museum<\/a> besucht. Via Audioguide wird dort einem im unterirdischen alten Dorfteil die Erstbesteigung erz\u00e4hlt. Eine sehr eindr\u00fcckliche Geschichte. Ein Besuch dort ist empfehlenswert.<\/p>\n<p style=\"text-align: justify;\"><strong>18:00<\/strong> Als es dann Abend wurde, machten wir uns mit der <a href=\"https:\/\/www.matterhorngotthardbahn.ch\/de\/sommer\/\" target=\"_blank\" rel=\"noopener\">Matterhorn Gotthardbahn<\/a> auf den Weg zur\u00fcck nach Visp. Dort sind war dann noch etwas essen gegangen bevor wir dann schlafen gingen. Am anderen Tag mussten wir leider schon wieder packen, um dann die R\u00fcckreise in Angriff zu nehmen. Wir verbrachten eine tolle Auszeit in Visp und wir werden bestimmt zur\u00fcckkehren um noch mehr vom sch\u00f6nen Wallis zu erleben.<\/p>\n<p>[\/et_pb_text][\/et_pb_column][\/et_pb_row][\/et_pb_section][et_pb_section fb_built=&#8221;1&#8243; _builder_version=&#8221;4.16&#8243; _module_preset=&#8221;default&#8221; global_colors_info=&#8221;{}&#8221;][et_pb_row column_structure=&#8221;1_2,1_2&#8243; module_id=&#8221;Rebeccas&#8221; _builder_version=&#8221;4.24.3&#8243; _module_preset=&#8221;default&#8221; global_colors_info=&#8221;{}&#8221;][et_pb_column type=&#8221;1_2&#8243; _builder_version=&#8221;4.17.4&#8243; _module_preset=&#8221;default&#8221; global_colors_info=&#8221;{}&#8221;][et_pb_text _builder_version=&#8221;4.22.2&#8243; _module_preset=&#8221;default&#8221; global_colors_info=&#8221;{}&#8221;]<\/p>\n<h3 style=\"text-align: justify;\"><strong>Rebeccas Junggesellinnenabschied in Visp<\/strong><\/h3>\n<p style=\"text-align: justify;\"><strong>Freitag<\/strong><\/p>\n<p style=\"text-align: justify;\"><strong>14:00<\/strong> Im Bahnhof Visp angekommen, liefen wir quer durch die Bahnhofstrasse zu unserem Hotel, checkten ein und dann ging es los. Wir h\u00f6rten bereits das Galoppieren. Die Pferdekutsche war da und wartete auf uns. Etwas mehr als eine Stunde lang machten wir in der Kutsche eine Tour durch Visp und liessen es uns mit einheimischen Heidnischbier und einer grossen Walliser Platte gut gehen. \u00a0Beim Bahnhof angekommen, flanierten wir dann gem\u00fctlich durch den Bahnhof zum Kaufplatz, wo sich der ber\u00fchmte und inzwischen internationalbesetzte P\u00fcrum\u00e4rt stattfindet.<\/p>\n<p style=\"text-align: justify;\"><strong>16:00<\/strong> Dort durften wir dann beim Raclettestreicher von der <a href=\"https:\/\/www.augstbordkaeserei.ch\/de\/\" target=\"_blank\" rel=\"noopener\">Augstbordk\u00e4serei<\/a> ein Raclettestreicher-Praktikum absolvieren. Es war interessant und irgendwie lustig zu gleich als wir sahen, was f\u00fcr eine Handgeschicklichkeit man braucht, um den geschmolzenen K\u00e4se sanft \u00fcber den K\u00e4se zu streichen, damit er sch\u00f6n flach im Teller liegt. Nach ca. 20min hatten wir M\u00e4dels begriffen, worauf wir beim Raclettestreichen achten mussten. Somit bekamen wir dann das wohlverdiente Zertifikat. Wir liessen dann den Abend auf dem P\u00fcrum\u00e4rt und in diversen Bars gem\u00fctlich ausklingen.<\/p>\n<p style=\"text-align: justify;\"><strong>Samstag<\/strong><\/p>\n<p style=\"text-align: justify;\"><strong>9:30<\/strong>\u00a0Am folgenden Morgen machten wir uns dann bereit um nach Ausserberg zu fahren. Wir wollten n\u00e4mlich wissen, wie man das Walliser Roggenbrot herstellt. Somit fuhren wir ins urchige Walliser D\u00f6rfchen. Dort wartete bereits unser Brotback-Lehrer auf uns. Dieser unverf\u00e4lschte Mann hat uns dann in seinem Walliser Stadel viele interessante und vor allem n\u00fctzliche Informationen gegeben, welche wir stets beim <a href=\"https:\/\/www.bls.ch\/de\/freizeit-und-ferien\/ausfluege\/loetschberg-kulinarischer-ausflug-suedrampe\" target=\"_blank\" rel=\"noopener\">Roggenbrotbacken<\/a> unbedingt beachten m\u00fcssen. Schlussendlich durften wir alle selber noch Hand anlegen. Ach, war das ein Spass! W\u00e4hrend dem das Brot im Backofen war, erhielten wir noch eine kleine spannende Dorff\u00fchrung. Anschliessend durften wir pro Person noch ca. 3-4 Roggenbrote als Erinnerung mitnehmen. Mmmh, rochen die k\u00f6stlich!<\/p>\n<p style=\"text-align: justify;\"><strong>15:30<\/strong>\u00a0In Visp angekommen, machten wir uns dann noch auf eine Weinreise. Wir hatten bei einer Weinkellerei eine Weindegustation mit Verk\u00f6stigung gebucht. Dort angekommen entflohen wir in ein Land der Sinne. Nebst Brombeeren, Erdbeeren und Kaffee haben wir Schokolade im Wein gerochen. Unseren Geschmacksnerven waren keine Grenzen gesetzt und so war es total lustig zu h\u00f6ren, was wir alle so rochen.<\/p>\n<p style=\"text-align: justify;\"><strong>18:00<\/strong> Nach ca. 2h gingen wir dann gem\u00fctlich Abendessen und nach einem Schlummerdrink dann zur\u00fcck ins Hotel schlafen. Am anderen Tag mussten wir leider bereits wieder abreisen. Gl\u00fccklich verliessen wir Visp. Wir hatten zwei tolle, erlebnisreiche Tage mit vielen lustigen und sch\u00f6nen Momenten und zudem hatten wir ganz tolle, liebe Menschen getroffen. Wir werden bestimmt wieder zur\u00fcckkehren.<\/p>\n<p style=\"text-align: justify;\">\n<p>[\/et_pb_text][\/et_pb_column][et_pb_column type=&#8221;1_2&#8243; _builder_version=&#8221;4.16&#8243; _module_preset=&#8221;default&#8221; global_colors_info=&#8221;{}&#8221;][et_pb_image src=&#8221;https:\/\/visitvisp.ch\/wp-content\/uploads\/2021\/12\/Kutschenfahrt-1.jpg&#8221; alt=&#8221;Pressebild Visp &#8211; Alter Dorfkern&#8221; title_text=&#8221;Kutschenfahrt&#8221; module_class=&#8221;vv-image-wide&#8221; _builder_version=&#8221;4.17.4&#8243; _module_preset=&#8221;default&#8221; locked=&#8221;off&#8221; global_colors_info=&#8221;{}&#8221;][\/et_pb_image][et_pb_image src=&#8221;https:\/\/visitvisp.ch\/wp-content\/uploads\/2022\/02\/Pressebild_Visp_Puerumaert-1024&#215;702.jpg&#8221; alt=&#8221;Pressebild Visp &#8211; P\u00fcrum\u00e4rt&#8221; title_text=&#8221;Pressebild Visp &#8211; P\u00fcrum\u00e4rt&#8221; module_class=&#8221;vv-image-wide&#8221; _builder_version=&#8221;4.17.4&#8243; _module_preset=&#8221;default&#8221; global_colors_info=&#8221;{}&#8221;][\/et_pb_image][et_pb_image src=&#8221;https:\/\/visitvisp.ch\/wp-content\/uploads\/2021\/12\/Brot.jpg&#8221; alt=&#8221;Pressebild Visp &#8211; Alter Dorfkern&#8221; title_text=&#8221;Brot&#8221; module_class=&#8221;vv-image-wide&#8221; _builder_version=&#8221;4.17.4&#8243; _module_preset=&#8221;default&#8221; locked=&#8221;off&#8221; global_colors_info=&#8221;{}&#8221;][\/et_pb_image][\/et_pb_column][\/et_pb_row][\/et_pb_section]<\/p>\n","protected":false},"excerpt":{"rendered":"<p>InspirationLass dich von den Erlebnissen anderer Touristen inspirieren und finde das passende Programm f\u00fcr deinen zweit\u00e4gigen Aufenthalt in Visp!Das PaarDie FamilieJunggesellinnenabendKarin &amp; Hans: Gem\u00fctliche, gemeinsame Stunden in Visp Dienstag In Visp Bahnhof angekommen, schlenderten wir durch die autofreie Bahnhofstrasse. Dort stand bereits das zentral gelegene Hotel. Nach einem Willkommensdrink und der Besichtigung unseres Hotelzimmers machten [&hellip;]<\/p>\n","protected":false},"author":5,"featured_media":0,"parent":0,"menu_order":0,"comment_status":"closed","ping_status":"closed","template":"","meta":{"_et_pb_use_builder":"on","_et_pb_old_content":"","_et_gb_content_width":"","footnotes":""},"class_list":["post-4560","page","type-page","status-publish","hentry"],"_links":{"self":[{"href":"https:\/\/visitvisp.ch\/en\/wp-json\/wp\/v2\/pages\/4560","targetHints":{"allow":["GET"]}}],"collection":[{"href":"https:\/\/visitvisp.ch\/en\/wp-json\/wp\/v2\/pages"}],"about":[{"href":"https:\/\/visitvisp.ch\/en\/wp-json\/wp\/v2\/types\/page"}],"author":[{"embeddable":true,"href":"https:\/\/visitvisp.ch\/en\/wp-json\/wp\/v2\/users\/5"}],"replies":[{"embeddable":true,"href":"https:\/\/visitvisp.ch\/en\/wp-json\/wp\/v2\/comments?post=4560"}],"version-history":[{"count":36,"href":"https:\/\/visitvisp.ch\/en\/wp-json\/wp\/v2\/pages\/4560\/revisions"}],"predecessor-version":[{"id":9672,"href":"https:\/\/visitvisp.ch\/en\/wp-json\/wp\/v2\/pages\/4560\/revisions\/9672"}],"wp:attachment":[{"href":"https:\/\/visitvisp.ch\/en\/wp-json\/wp\/v2\/media?parent=4560"}],"curies":[{"name":"wp","href":"https:\/\/api.w.org\/{rel}","templated":true}]}}