{"id":841,"date":"2021-11-11T16:19:36","date_gmt":"2021-11-11T15:19:36","guid":{"rendered":"https:\/\/visitvisp.ch\/?page_id=841"},"modified":"2026-04-17T11:40:30","modified_gmt":"2026-04-17T09:40:30","slug":"bike","status":"publish","type":"page","link":"https:\/\/visitvisp.ch\/en\/erleben\/bike\/","title":{"rendered":"Bike"},"content":{"rendered":"<p>[et_pb_section fb_built=&#8221;1&#8243; module_class=&#8221;hero-section page-hero-section-image&#8221; _builder_version=&#8221;4.27.4&#8243; _module_preset=&#8221;default&#8221; background_image=&#8221;https:\/\/visitvisp.ch\/wp-content\/uploads\/2022\/02\/Header_Cycling.jpg&#8221; saved_tabs=&#8221;all&#8221; global_colors_info=&#8221;{}&#8221;][et_pb_row _builder_version=&#8221;4.16&#8243; _module_preset=&#8221;default&#8221; global_colors_info=&#8221;{}&#8221;][et_pb_column type=&#8221;4_4&#8243; _builder_version=&#8221;4.16&#8243; _module_preset=&#8221;default&#8221; global_colors_info=&#8221;{}&#8221;][et_pb_text _builder_version=&#8221;4.16&#8243; _module_preset=&#8221;default&#8221; global_colors_info=&#8221;{}&#8221;]<\/p>\n<h1>Bike. &amp; Roadbike.<\/h1>\n<p>[\/et_pb_text][\/et_pb_column][\/et_pb_row][\/et_pb_section][et_pb_section fb_built=&#8221;1&#8243; module_class=&#8221;elementColor-grey400&#8243; _builder_version=&#8221;4.16&#8243; _module_preset=&#8221;default&#8221; global_colors_info=&#8221;{}&#8221;][et_pb_row _builder_version=&#8221;4.16&#8243; _module_preset=&#8221;default&#8221; global_colors_info=&#8221;{}&#8221;][et_pb_column type=&#8221;4_4&#8243; _builder_version=&#8221;4.16&#8243; _module_preset=&#8221;default&#8221; global_colors_info=&#8221;{}&#8221;][et_pb_text module_class=&#8221;dachzeile&#8221; _builder_version=&#8221;4.27.4&#8243; _module_preset=&#8221;default&#8221; global_colors_info=&#8221;{}&#8221;]<\/p>\n<h4>Das Wallis beradeln.<\/h4>\n<p>[\/et_pb_text][et_pb_text module_class=&#8221;font-weight-400&#8243; _builder_version=&#8221;4.27.4&#8243; _module_preset=&#8221;default&#8221; global_colors_info=&#8221;{}&#8221;]<\/p>\n<div class=\"fwelement fwtitle fwtitle1 \">\n<h4>Visp \u2013 der ideale Bike-Hub im Oberwallis: Mit 29 homologierten Bikerouten in der Region ist Visp das perfekte Basislager f\u00fcr Touren jeder Art. Ob sportlich mit dem Mountainbike, gem\u00fctlich mit dem E-Bike oder klassisch mit dem Velo \u2013 in Visp kommen alle auf ihre Kosten.<\/h4>\n<\/div>\n<p>[\/et_pb_text][\/et_pb_column][\/et_pb_row][\/et_pb_section][et_pb_section fb_built=&#8221;1&#8243; _builder_version=&#8221;4.16&#8243; _module_preset=&#8221;default&#8221; locked=&#8221;off&#8221; global_colors_info=&#8221;{}&#8221;][et_pb_row column_structure=&#8221;1_3,2_3&#8243; _builder_version=&#8221;4.16&#8243; _module_preset=&#8221;default&#8221; global_colors_info=&#8221;{}&#8221;][et_pb_column type=&#8221;1_3&#8243; _builder_version=&#8221;4.16&#8243; _module_preset=&#8221;default&#8221; global_colors_info=&#8221;{}&#8221;][et_pb_image src=&#8221;https:\/\/visitvisp.ch\/wp-content\/uploads\/2022\/01\/Montainbike.jpg&#8221; alt=&#8221;Mountain Bike rund um Visp&#8221; title_text=&#8221;Montainbike&#8221; module_class=&#8221;vv-image-wide&#8221; _builder_version=&#8221;4.27.4&#8243; _module_preset=&#8221;default&#8221; global_colors_info=&#8221;{}&#8221;][\/et_pb_image][\/et_pb_column][et_pb_column type=&#8221;2_3&#8243; _builder_version=&#8221;4.16&#8243; _module_preset=&#8221;default&#8221; global_colors_info=&#8221;{}&#8221;][et_pb_text _builder_version=&#8221;4.27.0&#8243; _module_preset=&#8221;default&#8221; global_colors_info=&#8221;{}&#8221;]<\/p>\n<h1 style=\"text-align: center;\">Bike-Eldorado Visp \u2013 Zwischen Reben, Felsen und Gipfeln<\/h1>\n<p>[\/et_pb_text][et_pb_text _builder_version=&#8221;4.27.0&#8243; _module_preset=&#8221;default&#8221; global_colors_info=&#8221;{}&#8221;]<\/p>\n<p><span class=\"css-3cdoc3\"><span class=\"css-19vm3gx\">Visp \u2013 deinem sonnigen Einstiegstor ins Walliser Bikeparadies! Hier, wo sich alpine Trails, sonnige H\u00e4nge und aussichtsreiche H\u00f6henwege treffen, beginnt dein ganz pers\u00f6nliches Bike-Abenteuer. Von flowigen Pfaden entlang der Weing\u00e4rten bis hin zu anspruchsvollen H\u00f6henrouten mit Blick auf m\u00e4chtige Gipfel: Rund um Visp wartet purer Fahrspass. <\/span><\/span><\/p>\n<p>Dank der wunderbaren Lage am Eingang des Vispertals ist Visp der ideale Ausgangspunkt f\u00fcr Mountain-Bike-Touren in alle Himmelsrichtungen.\u00a0<\/p>\n<p>Wir haben dir in dieser Collection ausgew\u00e4hlte Touren zusammengestellt, die allesamt in Visp enden. Nach deiner Tour l\u00e4dt die charmante Altstadt zum gem\u00fctlichen Ausklang ein: Geniesse ein k\u00fchles Getr\u00e4nk in einem Gartenrestaurant oder einen Bummel durch die engen Gassen \u2013 hier kannst du Sport perfekt mit Genuss verbinden. Freu dich auf ein unvergessliches Bike-Erlebnis zwischen Talboden und Gipfelgl\u00fcck.<\/p>\n<p>[\/et_pb_text][et_pb_button button_url=&#8221;https:\/\/visitvisp.ch\/wp-content\/uploads\/2025\/08\/20250821_Bike-Broschuere_web.pdf&#8221; url_new_window=&#8221;on&#8221; button_text=&#8221;Bike Visp (Karte)&#8221; button_alignment=&#8221;center&#8221; module_class=&#8221;vv-et-btn-accent-outline-light&#8221; _builder_version=&#8221;4.27.0&#8243; _module_preset=&#8221;default&#8221; locked=&#8221;off&#8221; global_colors_info=&#8221;{}&#8221;][\/et_pb_button][et_pb_button button_url=&#8221;https:\/\/www.valais.ch\/de\/aktivitaeten\/mountainbike\/touren?destination%5B%5D=15&#038;destination%5B%5D=31&#038;destination%5B%5D=88&#038;distance_3=all&#038;altitude_difference_2=all&#8221; url_new_window=&#8221;on&#8221; button_text=&#8221;weitere Mountainbike-Trails im Wallis&#8221; button_alignment=&#8221;center&#8221; module_class=&#8221;vv-et-btn-accent-outline-light&#8221; _builder_version=&#8221;4.27.4&#8243; _module_preset=&#8221;default&#8221; locked=&#8221;off&#8221; global_colors_info=&#8221;{}&#8221;][\/et_pb_button][\/et_pb_column][\/et_pb_row][\/et_pb_section][et_pb_section fb_built=&#8221;1&#8243; _builder_version=&#8221;4.16&#8243; _module_preset=&#8221;default&#8221; locked=&#8221;off&#8221; global_colors_info=&#8221;{}&#8221;][\/et_pb_section][et_pb_section fb_built=&#8221;1&#8243; _builder_version=&#8221;4.27.0&#8243; _module_preset=&#8221;default&#8221; global_colors_info=&#8221;{}&#8221;][et_pb_row _builder_version=&#8221;4.27.0&#8243; _module_preset=&#8221;default&#8221; global_colors_info=&#8221;{}&#8221;][et_pb_column type=&#8221;4_4&#8243; _builder_version=&#8221;4.27.0&#8243; _module_preset=&#8221;default&#8221; global_colors_info=&#8221;{}&#8221;][et_pb_code _builder_version=&#8221;4.27.0&#8243; _module_preset=&#8221;default&#8221; global_colors_info=&#8221;{}&#8221;]<iframe loading=\"lazy\" src=\"https:\/\/www.komoot.com\/de-de\/collection\/3651294\/embed\" width=\"100%\" height=\"580\" frameborder=\"0\" scrolling=\"no\"><\/iframe>[\/et_pb_code][\/et_pb_column][\/et_pb_row][\/et_pb_section][et_pb_section fb_built=&#8221;1&#8243; _builder_version=&#8221;4.27.0&#8243; _module_preset=&#8221;default&#8221; global_colors_info=&#8221;{}&#8221;][et_pb_row column_structure=&#8221;1_3,2_3&#8243; _builder_version=&#8221;4.16&#8243; _module_preset=&#8221;default&#8221; global_colors_info=&#8221;{}&#8221;][et_pb_column type=&#8221;1_3&#8243; _builder_version=&#8221;4.16&#8243; _module_preset=&#8221;default&#8221; global_colors_info=&#8221;{}&#8221;][et_pb_image src=&#8221;https:\/\/visitvisp.ch\/wp-content\/uploads\/2022\/01\/Road-Cycling.jpg&#8221; alt=&#8221;Road Cycling rund um Visp&#8221; title_text=&#8221;Road-Cycling&#8221; module_class=&#8221;vv-image-wide&#8221; _builder_version=&#8221;4.16&#8243; _module_preset=&#8221;default&#8221; global_colors_info=&#8221;{}&#8221;][\/et_pb_image][\/et_pb_column][et_pb_column type=&#8221;2_3&#8243; _builder_version=&#8221;4.16&#8243; _module_preset=&#8221;default&#8221; global_colors_info=&#8221;{}&#8221;][et_pb_text _builder_version=&#8221;4.27.0&#8243; _module_preset=&#8221;default&#8221; global_colors_info=&#8221;{}&#8221;]<\/p>\n<h1 style=\"text-align: center;\">Road-Bike \u2013 Zwischen Talgrund, P\u00e4ssen<\/h1>\n<h1 style=\"text-align: center;\">und Aussichtspunkten<\/h1>\n<p>[\/et_pb_text][et_pb_text _builder_version=&#8221;4.27.0&#8243; _module_preset=&#8221;default&#8221; global_colors_info=&#8221;{}&#8221;]<\/p>\n<p>Entdecke das Oberwallis auf zwei R\u00e4dern: Unsere Roadbike-Kollektion f\u00fchrt dich von sanften Flusswegen bis hinauf zu spektakul\u00e4ren Alpenp\u00e4ssen. Unterwegs er\u00f6ffnen sich dir immer neue Blicke in die T\u00e4ler und \u00fcber die Berge \u2013 ein echtes Erlebnis f\u00fcr alle Sinne.<\/p>\n<p>Die Roadbike-Region Wallis am Ufer der Rotten begeistert mit Routen f\u00fcr jedes Niveau. Ob du entspannt die Landschaft genie\u00dfen oder dich auf anspruchsvollen Anstiegen herausfordern willst \u2013 hier findest du deine perfekte Tour. In dieser Kollektion haben wir dir die sch\u00f6nsten Strecken zusammengestellt, die alle in Visp starten.<\/p>\n<p>[\/et_pb_text][\/et_pb_column][\/et_pb_row][et_pb_row _builder_version=&#8221;4.27.0&#8243; _module_preset=&#8221;default&#8221; global_colors_info=&#8221;{}&#8221;][et_pb_column type=&#8221;4_4&#8243; _builder_version=&#8221;4.27.0&#8243; _module_preset=&#8221;default&#8221; global_colors_info=&#8221;{}&#8221;][et_pb_code _builder_version=&#8221;4.27.4&#8243; _module_preset=&#8221;default&#8221; global_colors_info=&#8221;{}&#8221;]<iframe loading=\"lazy\" src=\"https:\/\/www.komoot.com\/de-de\/collection\/3772044\/embed\" width=\"100%\" height=\"580\" frameborder=\"0\" scrolling=\"no\"><\/iframe>[\/et_pb_code][\/et_pb_column][\/et_pb_row][\/et_pb_section][et_pb_section fb_built=&#8221;1&#8243; _builder_version=&#8221;4.16&#8243; _module_preset=&#8221;default&#8221; global_colors_info=&#8221;{}&#8221;][et_pb_row column_structure=&#8221;1_2,1_2&#8243; _builder_version=&#8221;4.16&#8243; _module_preset=&#8221;default&#8221; global_colors_info=&#8221;{}&#8221;][et_pb_column type=&#8221;1_2&#8243; _builder_version=&#8221;4.16&#8243; _module_preset=&#8221;default&#8221; global_colors_info=&#8221;{}&#8221;][et_pb_text _builder_version=&#8221;4.24.3&#8243; _module_preset=&#8221;default&#8221; custom_padding=&#8221;||0px|||&#8221; global_colors_info=&#8221;{}&#8221;]<\/p>\n<h1>Glacier Bike Tour<\/h1>\n<p><span>Von St. Moritz \u00fcber Andermatt bis nach Zermatt einmal quer durch die Schweiz: Die Glacier Bike Tour f\u00fchrt in 10 Etappen, 370 Kilometern und 9.500 H\u00f6henmetern durch 3 Kantone, \u00fcber 3 P\u00e4sse und stets entlang der ikonischen Glacier Express Bahn-Route. Sie ist wohl eine der vielseitigsten und erlebnisreichsten eBike-Touren der Alpen\u2026<\/span><\/p>\n<p>[\/et_pb_text][et_pb_button button_url=&#8221;https:\/\/glacierbiketour.ch\/&#8221; url_new_window=&#8221;on&#8221; button_text=&#8221;Infoseite Glacier Bike Tour&#8221; module_class=&#8221;vv-et-btn-accent-outline-light&#8221; _builder_version=&#8221;4.24.3&#8243; _module_preset=&#8221;default&#8221; locked=&#8221;off&#8221; global_colors_info=&#8221;{}&#8221;][\/et_pb_button][\/et_pb_column][et_pb_column type=&#8221;1_2&#8243; _builder_version=&#8221;4.16&#8243; _module_preset=&#8221;default&#8221; global_colors_info=&#8221;{}&#8221;][et_pb_image src=&#8221;https:\/\/visitvisp.ch\/wp-content\/uploads\/2024\/06\/GlacierBikeTourKarte.jpg&#8221; alt=&#8221;Mountain Bike rund um Visp&#8221; title_text=&#8221;GlacierBikeTourKarte&#8221; module_class=&#8221;vv-image-wide&#8221; _builder_version=&#8221;4.24.3&#8243; _module_preset=&#8221;default&#8221; global_colors_info=&#8221;{}&#8221;][\/et_pb_image][\/et_pb_column][\/et_pb_row][\/et_pb_section][et_pb_section fb_built=&#8221;1&#8243; _builder_version=&#8221;4.16&#8243; _module_preset=&#8221;default&#8221; global_colors_info=&#8221;{}&#8221;][et_pb_row _builder_version=&#8221;4.27.4&#8243; _module_preset=&#8221;default&#8221; global_colors_info=&#8221;{}&#8221;][et_pb_column type=&#8221;4_4&#8243; _builder_version=&#8221;4.27.4&#8243; _module_preset=&#8221;default&#8221; global_colors_info=&#8221;{}&#8221;][et_pb_text _builder_version=&#8221;4.24.3&#8243; _module_preset=&#8221;default&#8221; custom_padding=&#8221;||0px|||&#8221; global_colors_info=&#8221;{}&#8221;]<\/p>\n<h1>Service Partner<\/h1>\n<p>[\/et_pb_text][\/et_pb_column][\/et_pb_row][et_pb_row column_structure=&#8221;1_4,1_4,1_4,1_4&#8243; _builder_version=&#8221;4.16&#8243; _module_preset=&#8221;default&#8221; global_colors_info=&#8221;{}&#8221;][et_pb_column type=&#8221;1_4&#8243; _builder_version=&#8221;4.16&#8243; _module_preset=&#8221;default&#8221; global_colors_info=&#8221;{}&#8221;][et_pb_text _builder_version=&#8221;4.27.4&#8243; _module_preset=&#8221;default&#8221; global_colors_info=&#8221;{}&#8221;]<\/p>\n<h3>Guiding Tours<\/h3>\n<p>[\/et_pb_text][et_pb_text _builder_version=&#8221;4.24.3&#8243; _module_preset=&#8221;default&#8221; global_colors_info=&#8221;{}&#8221;]<\/p>\n<p>Mit dem Local-Guide entdecken Sie die sch\u00f6nsten Trails inmitten einem 4000er Bergpanorama. Zudem weiss der Guide, wo es sich am besten Mittagspause machen l\u00e4sst und Sie die besten kulinarischen Spezialit\u00e4ten aus dem Wallis geniessen k\u00f6nnen.<\/p>\n<p>Gef\u00fchrte Touren entdecken Sie bei unseren Tour Guides aus Visp:<em><strong><\/strong><\/em><\/p>\n<p>[\/et_pb_text][\/et_pb_column][et_pb_column type=&#8221;1_4&#8243; _builder_version=&#8221;4.16&#8243; _module_preset=&#8221;default&#8221; global_colors_info=&#8221;{}&#8221;][et_pb_blurb title=&#8221;  Trail Therapy&#8221; url=&#8221;https:\/\/www.trailtherapy.ch\/&#8221; url_new_window=&#8221;on&#8221; image=&#8221;https:\/\/visitvisp.ch\/wp-content\/uploads\/2022\/01\/Logo-Trail-Therapy.png&#8221; alt=&#8221;Logo Trail Therapy&#8221; module_class=&#8221;vv-image-16&#215;9&#8243; _builder_version=&#8221;4.27.0&#8243; _module_preset=&#8221;default&#8221; link_option_url=&#8221;https:\/\/www.trailtherapy.ch\/&#8221; link_option_url_new_window=&#8221;on&#8221; global_colors_info=&#8221;{}&#8221;][\/et_pb_blurb][\/et_pb_column][et_pb_column type=&#8221;1_4&#8243; _builder_version=&#8221;4.16&#8243; _module_preset=&#8221;default&#8221; global_colors_info=&#8221;{}&#8221;][et_pb_text content_tablet=&#8221;<\/p>\n<h1>Bikeshops und Veloverleih<\/h1>\n<p>&#8221; content_phone=&#8221;<\/p>\n<h1>Bikeshops und Veloverleih<\/h1>\n<p>&#8221; content_last_edited=&#8221;on|desktop&#8221; _builder_version=&#8221;4.27.4&#8243; _module_preset=&#8221;default&#8221; global_colors_info=&#8221;{}&#8221;]<\/p>\n<h3>Bikeshops und Veloverleih<\/h3>\n<p>[\/et_pb_text][et_pb_text _builder_version=&#8221;4.24.3&#8243; _module_preset=&#8221;default&#8221; global_colors_info=&#8221;{}&#8221;]<\/p>\n<article class=\"text-token-text-primary w-full focus:outline-none [--shadow-height:45px] has-data-writing-block:pointer-events-none has-data-writing-block:-mt-(--shadow-height) has-data-writing-block:pt-(--shadow-height) [&amp;:has([data-writing-block])&gt;*]:pointer-events-auto scroll-mt-[calc(var(--header-height)+min(200px,max(70px,20svh)))]\" dir=\"auto\" data-turn-id=\"request-WEB:b7e7e59f-4ea9-4243-9572-0c4e47f17ece-4\" data-testid=\"conversation-turn-10\" data-scroll-anchor=\"true\" data-turn=\"assistant\" tabindex=\"-1\">\n<div class=\"text-base my-auto mx-auto pb-10 [--thread-content-margin:--spacing(4)] @w-sm\/main:[--thread-content-margin:--spacing(6)] @w-lg\/main:[--thread-content-margin:--spacing(16)] px-(--thread-content-margin)\">\n<div class=\"[--thread-content-max-width:40rem] @w-lg\/main:[--thread-content-max-width:48rem] mx-auto max-w-(--thread-content-max-width) flex-1 group\/turn-messages focus-visible:outline-hidden relative flex w-full min-w-0 flex-col agent-turn\" tabindex=\"-1\">\n<div class=\"flex max-w-full flex-col grow\">\n<div data-message-author-role=\"assistant\" data-message-id=\"6a738c98-f7b9-4317-a392-16b9959a9e82\" dir=\"auto\" data-message-model-slug=\"gpt-5-2\" class=\"min-h-8 text-message relative flex w-full flex-col items-end gap-2 text-start break-words whitespace-normal [.text-message+&amp;]:mt-1\">\n<div class=\"flex w-full flex-col gap-1 empty:hidden first:pt-[1px]\">\n<div class=\"markdown prose dark:prose-invert w-full wrap-break-word dark markdown-new-styling\">\n<p data-start=\"0\" data-end=\"220\" data-is-last-node=\"\" data-is-only-node=\"\">F\u00fcr Wartung oder Reparaturen empfehlen wir dir erfahrene Service-Partner in der Region, die dein Bike schnell und fachgerecht wieder fit f\u00fcr die Trails machen. Auch eine Auswahl an Mietbikes steht dir dort zur Verf\u00fcgung.<\/p>\n<\/div>\n<\/div>\n<\/div>\n<\/div>\n<\/div>\n<\/div>\n<\/article>\n<p>[\/et_pb_text][\/et_pb_column][et_pb_column type=&#8221;1_4&#8243; _builder_version=&#8221;4.16&#8243; _module_preset=&#8221;default&#8221; global_colors_info=&#8221;{}&#8221;][et_pb_blurb title=&#8221;Ken&#8217;s Bike Shop&#8221; url=&#8221;https:\/\/www.kensbikeshop.ch\/&#8221; url_new_window=&#8221;on&#8221; image=&#8221;https:\/\/visitvisp.ch\/wp-content\/uploads\/2022\/01\/Logo-Kens-bikeshop.png&#8221; alt=&#8221;Logo Ken&#8217;s bikeshop&#8221; module_class=&#8221;vv-image-16&#215;9&#8243; _builder_version=&#8221;4.27.0&#8243; _module_preset=&#8221;default&#8221; link_option_url=&#8221;https:\/\/www.kensbikeshop.ch\/&#8221; link_option_url_new_window=&#8221;on&#8221; global_colors_info=&#8221;{}&#8221;]<\/p>\n<p>Vermietung, Kauf und Reparatur<a href=\"https:\/\/www.kensbikeshop.ch\/\" target=\"_blank\" rel=\"noopener\"><\/a><\/p>\n<p>[\/et_pb_blurb][\/et_pb_column][\/et_pb_row][\/et_pb_section][et_pb_section fb_built=&#8221;1&#8243; _builder_version=&#8221;4.16&#8243; _module_preset=&#8221;default&#8221; global_colors_info=&#8221;{}&#8221;][et_pb_row column_structure=&#8221;1_4,1_4,1_4,1_4&#8243; _builder_version=&#8221;4.16&#8243; _module_preset=&#8221;default&#8221; global_colors_info=&#8221;{}&#8221;][et_pb_column type=&#8221;1_4&#8243; _builder_version=&#8221;4.16&#8243; _module_preset=&#8221;default&#8221; global_colors_info=&#8221;{}&#8221;][et_pb_text _builder_version=&#8221;4.27.4&#8243; _module_preset=&#8221;default&#8221; global_colors_info=&#8221;{}&#8221;]<\/p>\n<h3>Bike Shuttel<\/h3>\n<p>[\/et_pb_text][et_pb_text _builder_version=&#8221;4.24.3&#8243; _module_preset=&#8221;default&#8221; custom_padding=&#8221;||1px|||&#8221; global_colors_info=&#8221;{}&#8221;]<\/p>\n<p>Mit dem Shuttle entdecken Sie die sch\u00f6nsten Enduro-Trails rund um Visp und geniessen flowige Abfahrten inmitten beeindruckender Walliser Bergkulisse. Perfekt f\u00fcr alle, die das Beste aus ihrem Biketag herausholen m\u00f6chten.<\/p>\n<p>[\/et_pb_text][\/et_pb_column][et_pb_column type=&#8221;1_4&#8243; _builder_version=&#8221;4.16&#8243; _module_preset=&#8221;default&#8221; global_colors_info=&#8221;{}&#8221;][et_pb_blurb title=&#8221;TrailTaxi&#8221; url=&#8221;https:\/\/www.trailtaxi.ch&#8221; url_new_window=&#8221;on&#8221; image=&#8221;https:\/\/visitvisp.ch\/wp-content\/uploads\/2026\/02\/TrailTaxi.png&#8221; alt=&#8221;Logo Trail Therapy&#8221; module_class=&#8221;vv-image-16&#215;9&#8243; _builder_version=&#8221;4.27.4&#8243; _module_preset=&#8221;default&#8221; link_option_url=&#8221;https:\/\/www.trailtaxi.ch&#8221; link_option_url_new_window=&#8221;on&#8221; global_colors_info=&#8221;{}&#8221;][\/et_pb_blurb][\/et_pb_column][et_pb_column type=&#8221;1_4&#8243; _builder_version=&#8221;4.16&#8243; _module_preset=&#8221;default&#8221; global_colors_info=&#8221;{}&#8221;][\/et_pb_column][et_pb_column type=&#8221;1_4&#8243; _builder_version=&#8221;4.16&#8243; _module_preset=&#8221;default&#8221; global_colors_info=&#8221;{}&#8221;][\/et_pb_column][\/et_pb_row][\/et_pb_section][et_pb_section fb_built=&#8221;1&#8243; _builder_version=&#8221;4.16&#8243; _module_preset=&#8221;default&#8221; global_colors_info=&#8221;{}&#8221;][et_pb_row _builder_version=&#8221;4.16&#8243; _module_preset=&#8221;default&#8221; global_colors_info=&#8221;{}&#8221;][et_pb_column type=&#8221;4_4&#8243; _builder_version=&#8221;4.16&#8243; _module_preset=&#8221;default&#8221; global_colors_info=&#8221;{}&#8221;][et_pb_text _builder_version=&#8221;4.24.3&#8243; _module_preset=&#8221;default&#8221; global_colors_info=&#8221;{}&#8221;]<\/p>\n<h1>Fahrrad-Unterk\u00fcnfte<\/h1>\n<p>&nbsp;<\/p>\n<p>Visp ist der Ausgangspunkt im Oberwallis, wenn es um Ihre Biketour geht. Damit auch mehrt\u00e4tige Touren m\u00f6glich sind, bieten drei Hotels und ein Camping viel Service rund ums Velo und komfortable Zimmer, damit Sie erholsam in die n\u00e4chste Velo-Etappe starten k\u00f6nnen.<\/p>\n<p>[\/et_pb_text][\/et_pb_column][\/et_pb_row][et_pb_row column_structure=&#8221;1_4,1_4,1_4,1_4&#8243; _builder_version=&#8221;4.16&#8243; _module_preset=&#8221;default&#8221; global_colors_info=&#8221;{}&#8221;][et_pb_column type=&#8221;1_4&#8243; _builder_version=&#8221;4.16&#8243; _module_preset=&#8221;default&#8221; global_colors_info=&#8221;{}&#8221;][et_pb_blurb title=&#8221;Baxter Hotel***&#8221; url=&#8221;https:\/\/www.baxterhotel.ch\/de\/aktivitaeten-fitness\/fahrrad&#8221; url_new_window=&#8221;on&#8221; image=&#8221;https:\/\/visitvisp.ch\/wp-content\/uploads\/2022\/01\/Baxter.jpg&#8221; alt=&#8221;Hotel Baxter Zimmeransicht&#8221; _builder_version=&#8221;4.27.0&#8243; _module_preset=&#8221;default&#8221; link_option_url=&#8221;https:\/\/www.baxterhotel.ch\/de\/aktivitaeten-fitness\/fahrrad&#8221; link_option_url_new_window=&#8221;on&#8221; global_colors_info=&#8221;{}&#8221;]<\/p>\n<div class=\"fwelement fwtext fwtext0 \">\n<p>Das Baxter Hotel verf\u00fcgt \u00fcber einen Veloraum mit Steckdosen f\u00fcr E-Bikes sowie Fahrradwerkzeug.<\/p>\n<\/div>\n<p>[\/et_pb_blurb][\/et_pb_column][et_pb_column type=&#8221;1_4&#8243; _builder_version=&#8221;4.16&#8243; _module_preset=&#8221;default&#8221; global_colors_info=&#8221;{}&#8221;][et_pb_blurb title=&#8221;Bildungshaus St. Jodern&#8221; url=&#8221;https:\/\/www.stjodern.ch\/aktivitaeten-rund-um-visp\/&#8221; image=&#8221;https:\/\/visitvisp.ch\/wp-content\/uploads\/2022\/01\/St-Jodern.jpg&#8221; alt=&#8221;Hotel St. Jodern Zimmeransicht&#8221; _builder_version=&#8221;4.27.4&#8243; _module_preset=&#8221;default&#8221; link_option_url=&#8221;https:\/\/www.stjodern.ch\/aktivitaeten-rund-um-visp\/&#8221; global_colors_info=&#8221;{}&#8221;]<\/p>\n<p>Das Bildungshaus verf\u00fcgt \u00fcber eine Bike-Garage sowie eine kleine Servicestation inkl. Hochdruckreiniger.<\/p>\n<p>[\/et_pb_blurb][\/et_pb_column][et_pb_column type=&#8221;1_4&#8243; _builder_version=&#8221;4.16&#8243; _module_preset=&#8221;default&#8221; global_colors_info=&#8221;{}&#8221;][et_pb_blurb title=&#8221;Camping M\u00fchleye&#8221; url=&#8221;https:\/\/camping-visp.ch\/camping\/basecamp-camping-muehleye\/&#8221; image=&#8221;https:\/\/visitvisp.ch\/wp-content\/uploads\/2025\/01\/Camping-Schwimmbad_Muehleye_Bild-Chrubege-promobil.de_.jpg&#8221; alt=&#8221;Hotel St. Jodern Zimmeransicht&#8221; _builder_version=&#8221;4.27.4&#8243; _module_preset=&#8221;default&#8221; link_option_url=&#8221;https:\/\/camping-visp.ch\/camping\/basecamp-camping-muehleye\/&#8221; global_colors_info=&#8221;{}&#8221;]<\/p>\n<div class=\"csc-header csc-header-n2\">\n<p>Der Camping M\u00fchleye verf\u00fcgt \u00fcber eine umfangreiche Bike-Infrastruktur mit kleiner Werkstadt und Servicestation.<\/p>\n<\/div>\n<p>[\/et_pb_blurb][\/et_pb_column][et_pb_column type=&#8221;1_4&#8243; _builder_version=&#8221;4.16&#8243; _module_preset=&#8221;default&#8221; global_colors_info=&#8221;{}&#8221;][et_pb_blurb title=&#8221;Elite***&#8221; url=&#8221;https:\/\/hotel-elite-visp.ch\/&#8221; image=&#8221;https:\/\/visitvisp.ch\/wp-content\/uploads\/2025\/02\/Neu_Doppelzimmer-Hotel-Elite-Visp-3.jpg&#8221; alt=&#8221;Hotel St. Jodern Zimmeransicht&#8221; _builder_version=&#8221;4.27.4&#8243; _module_preset=&#8221;default&#8221; link_option_url=&#8221;https:\/\/hotel-elite-visp.ch\/&#8221; global_colors_info=&#8221;{}&#8221;]<\/p>\n<p>Das Hotel Elite verf\u00fcgt \u00fcber einen Bike-Keller, welcher den Hotelg\u00e4sten gerne zur Verf\u00fcgung gestellt wird.<\/p>\n<p>[\/et_pb_blurb][\/et_pb_column][\/et_pb_row][\/et_pb_section]<\/p>\n","protected":false},"excerpt":{"rendered":"<p>Bike. &amp; Roadbike.Das Wallis beradeln. Visp \u2013 der ideale Bike-Hub im Oberwallis: Mit 29 homologierten Bikerouten in der Region ist Visp das perfekte Basislager f\u00fcr Touren jeder Art. Ob sportlich mit dem Mountainbike, gem\u00fctlich mit dem E-Bike oder klassisch mit dem Velo \u2013 in Visp kommen alle auf ihre Kosten. Bike-Eldorado Visp \u2013 Zwischen Reben, [&hellip;]<\/p>\n","protected":false},"author":1,"featured_media":0,"parent":8866,"menu_order":0,"comment_status":"closed","ping_status":"closed","template":"","meta":{"_et_pb_use_builder":"on","_et_pb_old_content":"","_et_gb_content_width":"","footnotes":""},"class_list":["post-841","page","type-page","status-publish","hentry"],"_links":{"self":[{"href":"https:\/\/visitvisp.ch\/en\/wp-json\/wp\/v2\/pages\/841","targetHints":{"allow":["GET"]}}],"collection":[{"href":"https:\/\/visitvisp.ch\/en\/wp-json\/wp\/v2\/pages"}],"about":[{"href":"https:\/\/visitvisp.ch\/en\/wp-json\/wp\/v2\/types\/page"}],"author":[{"embeddable":true,"href":"https:\/\/visitvisp.ch\/en\/wp-json\/wp\/v2\/users\/1"}],"replies":[{"embeddable":true,"href":"https:\/\/visitvisp.ch\/en\/wp-json\/wp\/v2\/comments?post=841"}],"version-history":[{"count":94,"href":"https:\/\/visitvisp.ch\/en\/wp-json\/wp\/v2\/pages\/841\/revisions"}],"predecessor-version":[{"id":13563,"href":"https:\/\/visitvisp.ch\/en\/wp-json\/wp\/v2\/pages\/841\/revisions\/13563"}],"up":[{"embeddable":true,"href":"https:\/\/visitvisp.ch\/en\/wp-json\/wp\/v2\/pages\/8866"}],"wp:attachment":[{"href":"https:\/\/visitvisp.ch\/en\/wp-json\/wp\/v2\/media?parent=841"}],"curies":[{"name":"wp","href":"https:\/\/api.w.org\/{rel}","templated":true}]}}